{"id":760,"date":"2018-10-29T14:33:40","date_gmt":"2018-10-29T13:33:40","guid":{"rendered":"https:\/\/ostinato.fr\/?page_id=760"},"modified":"2018-11-09T12:54:30","modified_gmt":"2018-11-09T11:54:30","slug":"jan-orawiec","status":"publish","type":"page","link":"https:\/\/ostinato.fr\/index.php\/jan-orawiec\/","title":{"rendered":"Jan Orawiec"},"content":{"rendered":"\n<div class=\"wp-block-image\"><figure class=\"aligncenter\"><img loading=\"lazy\" decoding=\"async\" width=\"448\" height=\"640\" src=\"https:\/\/ostinato.fr\/wp-content\/uploads\/2018\/10\/La-formation-_-Lencadrement-p\u00e9dagogique-Jan-Orawiec-foto.jpg\" alt=\"\" class=\"wp-image-759\" srcset=\"https:\/\/ostinato.fr\/wp-content\/uploads\/2018\/10\/La-formation-_-Lencadrement-p\u00e9dagogique-Jan-Orawiec-foto.jpg 448w, https:\/\/ostinato.fr\/wp-content\/uploads\/2018\/10\/La-formation-_-Lencadrement-p\u00e9dagogique-Jan-Orawiec-foto-210x300.jpg 210w\" sizes=\"(max-width: 448px) 100vw, 448px\" \/><\/figure><\/div>\n\n\n\n<p><strong>Jan Orawiec est n\u00e9 en Pologne et a \u00e9t\u00e9 l\u2019\u00e9l\u00e8ve de\nBoris Garlitsky au Conservatoire National de Paris, puis s\u2019est perfectionn\u00e9\naupr\u00e8s de Maxim Vengerov \u00e0 la Hochschule de Saarbr\u00fcken en Allemagne.<\/strong><\/p>\n\n\n\n<p>Il\nest laur\u00e9at de plusieurs comp\u00e9titions nationales et internationales telles que\nla Balys Dvarionas Competition \u00e0 Vilnius en Lituanie, la Groblicz Family \u00e0\nCracovie et l\u2019Eurovision \u00e0 Varsovie en Pologne.<\/p>\n\n\n\n<p><strong>Artiste \u00e9clectique, Jan Orawiec poursuit une carri\u00e8re internationale de violoniste soliste<\/strong> <strong>et de musicien de chambre<\/strong> qui le conduit \u00e0 se produire \u00e0 travers le monde dans des salles de concert prestigieuses telles que le Royal Albert Hall de Londres, le Concertgebouw d\u2019Amsterdam, le Tokyo International Forum, la Philharmonie de Paris, le Th\u00e9\u00e2tre des Champs-Elys\u00e9es, etc.<\/p>\n\n\n\n<p>Il a\ntravaill\u00e9 avec de nombreux artistes internationaux comme Steven Isserlis,\nPieter Wispelway, Marc Coppey, Kirill Trussov, Sarah Nemtanu, Lise Berthaud,\nNicolas Dautricourt, Marie-Jos\u00e8phe Jude, Claire D\u00e9sert, Emmanuelle Bertrand,\nNicolas Baldeyrou, Jennifer Larmore etc.<\/p>\n\n\n\n<p>Apr\u00e8s\navoir \u00e9t\u00e9 violon solo de l&rsquo;Orchestre Royal Philharmonique de Li\u00e8ge de 2009 \u00e0\n2011 et violon solo invit\u00e9 aupr\u00e8s de l\u2019Orchestre Philharmonique de Rotterdam de\n2011 \u00e0 2013,<strong> il est aujourd\u2019hui violon\nsolo de l\u2019orchestre <em>Les Si\u00e8cles<\/em><\/strong><em>,<\/em> une formation cr\u00e9\u00e9e par\nFran\u00e7ois-Xavier Roth et qui aborde un r\u00e9pertoire vari\u00e9 sur instruments\nd\u2019\u00e9poque. <\/p>\n\n\n\n<p>Il\nest par ailleurs r\u00e9guli\u00e8rement invit\u00e9 en tant que violon solo par l\u2019Orchestre\nPhilharmonique de Radio France, l\u2019Orchestre du Capitole de Toulouse,\nl\u2019Orchestre national de Lille, l\u2019Orchestre de la\nfondation Gulbenkian de Lisbonne.<\/p>\n\n\n\n<p>Son\nactivit\u00e9 orchestrale l\u2019am\u00e8ne ainsi \u00e0 collaborer r\u00e9guli\u00e8rement avec des chefs d\u2019orchestre\nde renom tels que Valery Gergiev, Yannick\nNezet-Seguin, Neeme J\u00e4rvi, Vasily Petrenko, Sir Mark Elder, Jean-Fran\u00e7ois\nVerdier, Stanislaw Skrowaczewski, Tugan Sokhiev, Thomas Hengelbrock, David\nZinman ou encore Alain Altinoglu.<\/p>\n\n\n\n<p><strong>Soucieux de transmettre son exp\u00e9rience musicale, Jan Orawiec est,<\/strong> <strong>depuis 2018,\nresponsable p\u00e9dagogique de l&rsquo;Orchestre-Atelier Ostinato, <\/strong>qui a pour vocation la formation de jeunes musiciens au\nm\u00e9tier de musicien d&rsquo;orchestre.<\/p>\n\n\n\n<p>Il\nfait \u00e9galement partie du corps enseignant de l\u2019Orchestre Fran\u00e7ais des Jeunes\ndepuis 2012 et est engag\u00e9 dans de nombreux projets p\u00e9dagogiques tels que la \u00ab\nSymphonie des Si\u00e8cles \u00bb, ou encore le Junior Verbier\nFestival Orchestra.<\/p>\n\n\n\n<p><strong>Sa discographie largement couronn\u00e9e<\/strong>\ncomprend un enregistrement des Trios avec piano de Greif et Chostakovitch\nr\u00e9compens\u00e9 de 5 diapasons (<em>Diapason<\/em>),\nd\u2019un Coup de Coeur (<em>Piano<\/em>), d\u2019un 5\/5 <em>(Classica)<\/em> et de 4 \u00e9toiles <em>(Le<\/em> <em>Monde\nde la musique),<\/em> ainsi qu\u2019un disque des Onze Caprices pour deux violons de\nPhilippe Hersant qui a re\u00e7u quant \u00e0 lui 5 diapasons (<em>Diapason<\/em>) et 4 \u00e9toiles (<em>Le\nMonde de la musique<\/em>). Le Dixtuor de Dubois enregistr\u00e9 chez <em>Les Si\u00e8cles Live<\/em> a lui aussi \u00e9t\u00e9 salu\u00e9 par la critique. Jan Orawiec participe\n\u00e9galement \u00e0 de nombreux enregistrements orchestraux r\u00e9compens\u00e9s aussi bien en\nFrance qu\u2019\u00e0 l\u2019\u00e9tranger.<\/p>\n","protected":false},"excerpt":{"rendered":"<p>Jan Orawiec est n\u00e9 en Pologne et a \u00e9t\u00e9 l\u2019\u00e9l\u00e8ve de Boris Garlitsky au Conservatoire National de Paris, puis s\u2019est perfectionn\u00e9 aupr\u00e8s de Maxim Vengerov \u00e0 la Hochschule de Saarbr\u00fcken<\/p><\/div>\n<div class=\"blog-btn\"><a href=\"https:\/\/ostinato.fr\/index.php\/jan-orawiec\/\" class=\"home-blog-btn\">Lire la suite<\/a><\/p>\n","protected":false},"author":1,"featured_media":0,"parent":0,"menu_order":0,"comment_status":"closed","ping_status":"closed","template":"","meta":{"sfsi_plus_gutenberg_text_before_share":"","sfsi_plus_gutenberg_show_text_before_share":"","sfsi_plus_gutenberg_icon_type":"","sfsi_plus_gutenberg_icon_alignemt":"","sfsi_plus_gutenburg_max_per_row":"","ghostkit_customizer_options":"","ghostkit_custom_css":"","ghostkit_custom_js_head":"","ghostkit_custom_js_foot":"","ghostkit_typography":"","_mi_skip_tracking":false,"footnotes":""},"_links":{"self":[{"href":"https:\/\/ostinato.fr\/index.php\/wp-json\/wp\/v2\/pages\/760"}],"collection":[{"href":"https:\/\/ostinato.fr\/index.php\/wp-json\/wp\/v2\/pages"}],"about":[{"href":"https:\/\/ostinato.fr\/index.php\/wp-json\/wp\/v2\/types\/page"}],"author":[{"embeddable":true,"href":"https:\/\/ostinato.fr\/index.php\/wp-json\/wp\/v2\/users\/1"}],"replies":[{"embeddable":true,"href":"https:\/\/ostinato.fr\/index.php\/wp-json\/wp\/v2\/comments?post=760"}],"version-history":[{"count":3,"href":"https:\/\/ostinato.fr\/index.php\/wp-json\/wp\/v2\/pages\/760\/revisions"}],"predecessor-version":[{"id":1077,"href":"https:\/\/ostinato.fr\/index.php\/wp-json\/wp\/v2\/pages\/760\/revisions\/1077"}],"wp:attachment":[{"href":"https:\/\/ostinato.fr\/index.php\/wp-json\/wp\/v2\/media?parent=760"}],"curies":[{"name":"wp","href":"https:\/\/api.w.org\/{rel}","templated":true}]}}