{"id":618,"date":"2018-10-27T18:48:49","date_gmt":"2018-10-27T16:48:49","guid":{"rendered":"https:\/\/ostinato.fr\/?page_id=618"},"modified":"2023-08-30T17:35:25","modified_gmt":"2023-08-30T15:35:25","slug":"lexcellence-pour-tous","status":"publish","type":"page","link":"https:\/\/ostinato.fr\/index.php\/lexcellence-pour-tous\/","title":{"rendered":"L&rsquo;excellence"},"content":{"rendered":"<div class=\"wp-block-image\">\n<figure class=\"aligncenter is-resized\"><a href=\"https:\/\/ostinato.fr\/wp-content\/uploads\/2018\/10\/IMG_1973.jpg\" data-rel=\"lightbox-image-0\" data-rl_title=\"\" data-rl_caption=\"\" title=\"\"><img loading=\"lazy\" decoding=\"async\" src=\"https:\/\/ostinato.fr\/wp-content\/uploads\/2018\/10\/IMG_1973.jpg\" alt=\"\" class=\"wp-image-179\" width=\"1024\" height=\"768\" srcset=\"https:\/\/ostinato.fr\/wp-content\/uploads\/2018\/10\/IMG_1973.jpg 1024w, https:\/\/ostinato.fr\/wp-content\/uploads\/2018\/10\/IMG_1973-300x225.jpg 300w, https:\/\/ostinato.fr\/wp-content\/uploads\/2018\/10\/IMG_1973-768x576.jpg 768w\" sizes=\"(max-width: 1024px) 100vw, 1024px\" \/><\/a><\/figure><\/div>\n\n\n<blockquote class=\"wp-block-quote is-layout-flow wp-block-quote-is-layout-flow\">\n<p>Jeunesse et dynamisme, excellence et professionnalisation. L\u2019Orchestre Ostinato fort de ses atouts, propose depuis pr\u00e8s de 20 ans \u00e0 de jeunes musiciens, premiers prix de conservatoire, une formation qui les pr\u00e9pare \u00e0 jouer dans les meilleurs orchestres du monde.<\/p>\n<\/blockquote>\n\n\n<div class=\"wp-block-image\">\n<figure class=\"alignleft is-resized\"><a href=\"https:\/\/ostinato.fr\/wp-content\/uploads\/2018\/10\/IMG_1970.jpg\" data-rel=\"lightbox-image-1\" data-rl_title=\"\" data-rl_caption=\"\" title=\"\"><img loading=\"lazy\" decoding=\"async\" src=\"https:\/\/ostinato.fr\/wp-content\/uploads\/2018\/10\/IMG_1970.jpg\" alt=\"\" class=\"wp-image-182\" width=\"283\" height=\"212\" srcset=\"https:\/\/ostinato.fr\/wp-content\/uploads\/2018\/10\/IMG_1970.jpg 1024w, https:\/\/ostinato.fr\/wp-content\/uploads\/2018\/10\/IMG_1970-300x225.jpg 300w, https:\/\/ostinato.fr\/wp-content\/uploads\/2018\/10\/IMG_1970-768x576.jpg 768w\" sizes=\"(max-width: 283px) 100vw, 283px\" \/><\/a><\/figure><\/div>\n\n\n<p>L\u2019Orchestre Ostinato s\u2019appuie dans sa mission sur des valeurs partag\u00e9es par les jeunes musiciens comme par les formateurs. <\/p>\n\n\n\n<p><\/p>\n\n\n\n<p>La confiance r\u00e9ciproque entre ma\u00eetres et \u00e9l\u00e8ves est une valeur indispensable pour que les jeunes musiciens donnent le meilleur d\u2019eux-m\u00eames et profitent au mieux des conseils des formateurs. L\u2019Orchestre Ostinato s&rsquo;attache \u00e0 promouvoir l\u2019\u00e9galit\u00e9 des chances pour les jeunes en formation. Celle-ci s\u2019appuie sur leur talent et leur travail qui sont r\u00e9mun\u00e9r\u00e9s tout au long de leur formation de deux ans. La qualit\u00e9 des formateurs, des \u0153uvres et des salles o\u00f9 ils se produisent constituent un atout pour leur carri\u00e8re.<\/p>\n\n\n\n<h2 class=\"wp-block-heading\" id=\"un-partenariat-interdisciplinaire\">Un partenariat interdisciplinaire<\/h2>\n\n\n<div class=\"wp-block-image\">\n<figure class=\"alignright is-resized\"><img loading=\"lazy\" decoding=\"async\" src=\"https:\/\/ostinato.fr\/wp-content\/uploads\/2018\/11\/1200px-Ope\u0301ra_Bastille-1-1024x768.jpg\" alt=\"\" class=\"wp-image-1793\" width=\"256\" height=\"192\" srcset=\"https:\/\/ostinato.fr\/wp-content\/uploads\/2018\/11\/1200px-Ope\u0301ra_Bastille-1-1024x768.jpg 1024w, https:\/\/ostinato.fr\/wp-content\/uploads\/2018\/11\/1200px-Ope\u0301ra_Bastille-1-300x225.jpg 300w, https:\/\/ostinato.fr\/wp-content\/uploads\/2018\/11\/1200px-Ope\u0301ra_Bastille-1-768x576.jpg 768w, https:\/\/ostinato.fr\/wp-content\/uploads\/2018\/11\/1200px-Ope\u0301ra_Bastille-1.jpg 1200w\" sizes=\"(max-width: 256px) 100vw, 256px\" \/><\/figure><\/div>\n\n\n<p>L&rsquo;orchestre s&rsquo;associe \u00e0 des projets artistiques vari\u00e9s: <strong>spectacles chor\u00e9graphiques<\/strong>&nbsp;avec La Compagnie Lionel Hoche, <strong>productions lyriques<\/strong>&nbsp;de l&rsquo;Op\u00e9ra Comique et du Ch\u00e2telet,&nbsp;<strong>productions th\u00e9\u00e2trales<\/strong>&nbsp;avec le Th\u00e9\u00e2tre de Poche Montparnasse. Depuis plusieurs ann\u00e9es l&rsquo;orchestre est \u00e9galement partenaire de l&rsquo;Acad\u00e9mie de l&rsquo;Op\u00e9ra Bastille dont le p\u00f4le de formation professionnelle accompagne comme le n\u00f4tre chaque saison de jeunes professionnels dans le perfectionnement de leur savoir-faire dans des domaines aussi vari\u00e9s que le chant, la musique, la mise en sc\u00e8ne.<\/p>\n\n\n\n<h2 class=\"wp-block-heading\" id=\"des-recompenses\">Des r\u00e9compenses<\/h2>\n\n\n<div class=\"wp-block-image\">\n<figure class=\"alignleft is-resized\"><img loading=\"lazy\" decoding=\"async\" src=\"https:\/\/ostinato.fr\/wp-content\/uploads\/2018\/11\/Molie\u0300res-2-1.jpg\" alt=\"\" class=\"wp-image-1798\" width=\"160\" height=\"90\" srcset=\"https:\/\/ostinato.fr\/wp-content\/uploads\/2018\/11\/Molie\u0300res-2-1.jpg 640w, https:\/\/ostinato.fr\/wp-content\/uploads\/2018\/11\/Molie\u0300res-2-1-300x169.jpg 300w\" sizes=\"(max-width: 160px) 100vw, 160px\" \/><\/figure><\/div>\n\n\n<p>L&rsquo;orchestre a \u00e9t\u00e9 r\u00e9compens\u00e9 par le <strong>Moli\u00e8re du spectacle musical<\/strong> ainsi que du <strong>Prix Laurent Terzieff<\/strong> pour <em>L&rsquo;Histoire du Soldat <\/em>de Stravinsky<span style=\"background-color: rgb(232, 234, 235);\"><i>,&nbsp;<\/i><\/span>mis en sc\u00e8ne par St\u00e9phan Druet et jou\u00e9 plus de 110 fois.<\/p>\n\n\n<div class=\"wp-block-image\">\n<figure class=\"aligncenter is-resized\"><img loading=\"lazy\" decoding=\"async\" src=\"https:\/\/ostinato.fr\/wp-content\/uploads\/2018\/11\/IMG_4260-1024x768.jpg\" alt=\"\" class=\"wp-image-1784\" width=\"512\" height=\"384\" srcset=\"https:\/\/ostinato.fr\/wp-content\/uploads\/2018\/11\/IMG_4260-1024x768.jpg 1024w, https:\/\/ostinato.fr\/wp-content\/uploads\/2018\/11\/IMG_4260-300x225.jpg 300w, https:\/\/ostinato.fr\/wp-content\/uploads\/2018\/11\/IMG_4260-768x576.jpg 768w, https:\/\/ostinato.fr\/wp-content\/uploads\/2018\/11\/IMG_4260-1320x990.jpg 1320w\" sizes=\"(max-width: 512px) 100vw, 512px\" \/><\/figure><\/div>\n\n\n<p><\/p>\n","protected":false},"excerpt":{"rendered":"<p>Jeunesse et dynamisme, excellence et professionnalisation. L\u2019Orchestre Ostinato fort de ses atouts, propose depuis pr\u00e8s de 20 ans \u00e0 de jeunes musiciens, premiers prix de conservatoire, une formation qui les<\/p><\/div>\n<div class=\"blog-btn\"><a href=\"https:\/\/ostinato.fr\/index.php\/lexcellence-pour-tous\/\" class=\"home-blog-btn\">Lire la suite<\/a><\/p>\n","protected":false},"author":1,"featured_media":0,"parent":0,"menu_order":0,"comment_status":"closed","ping_status":"closed","template":"","meta":{"sfsi_plus_gutenberg_text_before_share":"","sfsi_plus_gutenberg_show_text_before_share":"","sfsi_plus_gutenberg_icon_type":"","sfsi_plus_gutenberg_icon_alignemt":"","sfsi_plus_gutenburg_max_per_row":"","ghostkit_customizer_options":"","ghostkit_custom_css":"","ghostkit_custom_js_head":"","ghostkit_custom_js_foot":"","ghostkit_typography":"","_mi_skip_tracking":false,"footnotes":""},"_links":{"self":[{"href":"https:\/\/ostinato.fr\/index.php\/wp-json\/wp\/v2\/pages\/618"}],"collection":[{"href":"https:\/\/ostinato.fr\/index.php\/wp-json\/wp\/v2\/pages"}],"about":[{"href":"https:\/\/ostinato.fr\/index.php\/wp-json\/wp\/v2\/types\/page"}],"author":[{"embeddable":true,"href":"https:\/\/ostinato.fr\/index.php\/wp-json\/wp\/v2\/users\/1"}],"replies":[{"embeddable":true,"href":"https:\/\/ostinato.fr\/index.php\/wp-json\/wp\/v2\/comments?post=618"}],"version-history":[{"count":27,"href":"https:\/\/ostinato.fr\/index.php\/wp-json\/wp\/v2\/pages\/618\/revisions"}],"predecessor-version":[{"id":4180,"href":"https:\/\/ostinato.fr\/index.php\/wp-json\/wp\/v2\/pages\/618\/revisions\/4180"}],"wp:attachment":[{"href":"https:\/\/ostinato.fr\/index.php\/wp-json\/wp\/v2\/media?parent=618"}],"curies":[{"name":"wp","href":"https:\/\/api.w.org\/{rel}","templated":true}]}}