{"id":53,"date":"2018-09-24T16:41:54","date_gmt":"2018-09-24T14:41:54","guid":{"rendered":"https:\/\/ostinato.fr\/?page_id=53"},"modified":"2023-01-31T16:43:50","modified_gmt":"2023-01-31T15:43:50","slug":"artistes-invites","status":"publish","type":"page","link":"https:\/\/ostinato.fr\/index.php\/artistes-invites\/","title":{"rendered":"Artistes invit\u00e9s"},"content":{"rendered":"\r\n<blockquote class=\"wp-block-quote is-layout-flow wp-block-quote-is-layout-flow\">\r\n<p>Chaque ann\u00e9e, l\u2019Orchestre Atelier Ostinato a le privil\u00e8ge d\u2019accueillir dans ses rangs des invit\u00e9s aux parcours talentueux.<\/p>\r\n<p>Parmi eux :\u00a0 des solistes, des pianistes et des chefs qui accompagnent ou assurent la direction de l\u2019orchestre. C\u2019est l\u2019occasion unique pour les jeunes d\u2019exp\u00e9rimenter non seulement la vari\u00e9t\u00e9 des r\u00e9pertoires, mais aussi celle de la direction d\u2019orchestre et de l\u2019accompagnement avec des artistes diff\u00e9rents.<\/p>\r\n<\/blockquote>\r\n\r\n\r\n\r\n<h2 class=\"wp-block-heading\"><strong>Plus de 250 artistes prestigieux ont accompagn\u00e9 l\u2019orchestre depuis sa cr\u00e9ation\u00a0<\/strong><\/h2>\r\n\r\n\r\n\r\n<h3 class=\"wp-block-heading\"><span style=\"font-size: 16px;\">Astrig Siranossian<\/span><\/h3>\r\n<p><img loading=\"lazy\" decoding=\"async\" class=\"wp-image-3032 alignleft\" src=\"https:\/\/ostinato.fr\/wp-content\/uploads\/2020\/01\/0002-1024x1024.jpg\" alt=\"\" width=\"258\" height=\"258\" srcset=\"https:\/\/ostinato.fr\/wp-content\/uploads\/2020\/01\/0002-1024x1024.jpg 1024w, https:\/\/ostinato.fr\/wp-content\/uploads\/2020\/01\/0002-300x300.jpg 300w, https:\/\/ostinato.fr\/wp-content\/uploads\/2020\/01\/0002-150x150.jpg 150w, https:\/\/ostinato.fr\/wp-content\/uploads\/2020\/01\/0002-768x768.jpg 768w, https:\/\/ostinato.fr\/wp-content\/uploads\/2020\/01\/0002-1536x1536.jpg 1536w, https:\/\/ostinato.fr\/wp-content\/uploads\/2020\/01\/0002-1320x1320.jpg 1320w, https:\/\/ostinato.fr\/wp-content\/uploads\/2020\/01\/0002.jpg 1591w\" sizes=\"auto, (max-width: 258px) 100vw, 258px\" \/><\/p>\r\n<p>&nbsp;<\/p>\r\n<p style=\"text-align: left;\">Philippe Aiche, June Anderson, Eric Aubier, Claude Aufaure, Iouri Bachmet, Olivier Benezech, Simon Bernardini, Adrien Boisseau, Jacques Bona, Hugues Borsarello, Emmanuel Ceysson, Marina Chiche, Marc Coppey, Nicolas Courjal, Nicolas Dautricourt, Licinio Da Silva, Emmanuelle De Negri, Christophe Desjardins, Nathalis Dessay, Olivia Doray, Stephen Druet, &#8230;<\/p>\r\n<p>&nbsp;<\/p>\r\n<h3 style=\"text-align: right;\"><span style=\"font-size: 16px;\">Nicolas Dautricout<\/span><\/h3>\r\n<p><img loading=\"lazy\" decoding=\"async\" width=\"213\" height=\"320\" class=\"wp-image-498 alignright\" src=\"https:\/\/ostinato.fr\/wp-content\/uploads\/2018\/10\/z1.jpg\" alt=\"Nicolas Dautricourt\" srcset=\"https:\/\/ostinato.fr\/wp-content\/uploads\/2018\/10\/z1.jpg 213w, https:\/\/ostinato.fr\/wp-content\/uploads\/2018\/10\/z1-200x300.jpg 200w\" sizes=\"auto, (max-width: 213px) 100vw, 213px\" \/><\/p>\r\n<p>&nbsp;<\/p>\r\n<p>&nbsp;<\/p>\r\n<p>&#8230; Chlo\u00e9 Dufresne, Cyril Dupuy, Jurek Dybal, Akkiko Ebi, Anna Fedorova, Bruno Fontaine, Xavier Gagnepain, Oph\u00e9lie Gaillard, Pierre G\u00e9nisson, Jordan Gudeffin, Florent Heau, Trio H\u00e9lios, Antony Hermus, Stephen Higgins, Gary Hoffman, Juliette Hurel, Geoffroy Jourdain, Olga Kirpicheva, &#8230;<\/p>\r\n\r\n\r\n\r\n<h3 class=\"wp-block-heading\">\u00a0<\/h3>\r\n<h3>\u00a0<\/h3>\r\n<h3><span style=\"font-size: 16px;\">Anna Fedorova<\/span><\/h3>\r\n<p><img loading=\"lazy\" decoding=\"async\" width=\"320\" height=\"213\" class=\"wp-image-501 alignleft\" src=\"https:\/\/ostinato.fr\/wp-content\/uploads\/2018\/10\/z4.jpg\" alt=\"\" srcset=\"https:\/\/ostinato.fr\/wp-content\/uploads\/2018\/10\/z4.jpg 320w, https:\/\/ostinato.fr\/wp-content\/uploads\/2018\/10\/z4-300x200.jpg 300w\" sizes=\"auto, (max-width: 320px) 100vw, 320px\" \/><\/p>\r\n\r\n\r\n\r\n<p>&nbsp;<\/p>\r\n<p style=\"text-align: left;\">&#8230; Sophie Koch, Matthieu Lecroart, Julien Leroy, Fr\u00e9d\u00e9ric Lod\u00e9on, V\u00e9ra Lopatina, Vahan Mardirossian, Rapha\u00ebl Merlin, Edgar Moreau, Pawel Mykietyn, Szymon Nehring, Marc Paquien, Thierry Pecou, Michel Piquemal, Dominique Pitoiset, Simon Proust, Chantal Santon Jeffery, &#8230;<\/p>\r\n<h3 class=\"wp-block-heading\">\u00a0<\/h3>\r\n<h3 style=\"text-align: right;\"><span style=\"font-size: 16px;\">Natalie Dessay<\/span><\/h3>\r\n<h3 style=\"text-align: right;\"><img loading=\"lazy\" decoding=\"async\" class=\"wp-image-688 alignright\" src=\"https:\/\/ostinato.fr\/wp-content\/uploads\/2018\/10\/invit\u00e9s1.jpg\" alt=\"\" width=\"169\" height=\"254\" srcset=\"https:\/\/ostinato.fr\/wp-content\/uploads\/2018\/10\/invit\u00e9s1.jpg 1500w, https:\/\/ostinato.fr\/wp-content\/uploads\/2018\/10\/invit\u00e9s1-200x300.jpg 200w, https:\/\/ostinato.fr\/wp-content\/uploads\/2018\/10\/invit\u00e9s1-768x1152.jpg 768w, https:\/\/ostinato.fr\/wp-content\/uploads\/2018\/10\/invit\u00e9s1-683x1024.jpg 683w, https:\/\/ostinato.fr\/wp-content\/uploads\/2018\/10\/invit\u00e9s1-1320x1980.jpg 1320w\" sizes=\"auto, (max-width: 169px) 100vw, 169px\" \/><\/h3>\r\n\r\n\r\n\r\n\r\n\r\n<p>&nbsp;<\/p>\r\n\r\n\r\n\r\n<p>&nbsp;<\/p>\r\n<p>\u00a0&#8230; Marc Sala, J\u00e9r\u00f4me Savary, Maria Savastano, Mike Seal, Volodia Serre, William Sheller, Nicolas Simon, Astrig Siranossian, Marc Souchet, Guillaume Tourniaire, Marc Trenel, Maxim Vengerov, L\u00e9o Warynski, Vincent Warnier, Fabian Wolfrom, Kaspar Zehnder, &#8230;\u00a0<\/p>\r\n<h3 class=\"wp-block-heading\">\u00a0<\/h3>\r\n<h3><span style=\"font-size: 16px;\">Pierre G\u00e9nisson<\/span><\/h3>\r\n\r\n\r\n\r\n\r\n\r\n<p><img loading=\"lazy\" decoding=\"async\" class=\"wp-image-690 alignleft\" src=\"https:\/\/ostinato.fr\/wp-content\/uploads\/2018\/10\/invit\u00e9s3.jpg\" alt=\"\" width=\"143\" height=\"286\" srcset=\"https:\/\/ostinato.fr\/wp-content\/uploads\/2018\/10\/invit\u00e9s3.jpg 250w, https:\/\/ostinato.fr\/wp-content\/uploads\/2018\/10\/invit\u00e9s3-150x300.jpg 150w\" sizes=\"auto, (max-width: 143px) 100vw, 143px\" \/><\/p>\r\n<p>&nbsp;<\/p>\r\n<p>&nbsp;<\/p>\r\n<p class=\"has-text-align-left\" style=\"text-align: left;\">Atelier Lyrique de l\u2019Op\u00e9ra National de Paris, Atelier Lyrique de l\u2019Op\u00e9ra National du Rhin, Ch\u0153ur Les M\u00e9taboles, Ch\u0153ur r\u00e9gional Vittoria d\u2019Ile-de-France, Le Jeune Ch\u0153ur de Paris.<\/p>\r\n<p style=\"text-align: left;\">\r\n\r\n<\/p>\r\n<p style=\"text-align: left;\">La Compagnie de danse Lionel Hoche.<\/p>\r\n<p style=\"text-align: left;\">\u00a0<\/p>\r\n<p>&nbsp;<\/p>\r\n\r\n\r\n\r\n\r\n\r\n\r\n\r\n<p>\r\n\r\n<\/p>\r\n<h4>\u00a0<\/h4>\r\n<p>&nbsp;<\/p>\r\n","protected":false},"excerpt":{"rendered":"<p>Chaque ann\u00e9e, l\u2019Orchestre Atelier Ostinato a le privil\u00e8ge d\u2019accueillir dans ses rangs des invit\u00e9s aux parcours talentueux. Parmi eux :\u00a0 des solistes, des pianistes et des chefs qui accompagnent ou<\/p><\/div>\n<div class=\"blog-btn\"><a href=\"https:\/\/ostinato.fr\/index.php\/artistes-invites\/\" class=\"home-blog-btn\">Lire la suite<\/a><\/p>\n","protected":false},"author":1,"featured_media":0,"parent":0,"menu_order":0,"comment_status":"closed","ping_status":"closed","template":"","meta":{"sfsi_plus_gutenberg_text_before_share":"","sfsi_plus_gutenberg_show_text_before_share":"","sfsi_plus_gutenberg_icon_type":"","sfsi_plus_gutenberg_icon_alignemt":"","sfsi_plus_gutenburg_max_per_row":"","ghostkit_customizer_options":"","ghostkit_custom_css":"","ghostkit_custom_js_head":"","ghostkit_custom_js_foot":"","ghostkit_typography":"","_mi_skip_tracking":false,"footnotes":""},"class_list":["post-53","page","type-page","status-publish","hentry"],"yoast_head":"<!-- This site is optimized with the Yoast SEO plugin v27.5 - https:\/\/yoast.com\/product\/yoast-seo-wordpress\/ -->\n<title>Artistes invit\u00e9s - Ostinato - L&#039;Orchestre<\/title>\n<meta name=\"robots\" content=\"index, follow, max-snippet:-1, max-image-preview:large, max-video-preview:-1\" \/>\n<link rel=\"canonical\" href=\"https:\/\/ostinato.fr\/index.php\/artistes-invites\/\" \/>\n<meta property=\"og:locale\" content=\"fr_FR\" \/>\n<meta property=\"og:type\" content=\"article\" \/>\n<meta property=\"og:title\" content=\"Artistes invit\u00e9s - Ostinato - L&#039;Orchestre\" \/>\n<meta property=\"og:description\" content=\"Chaque ann\u00e9e, l\u2019Orchestre Atelier Ostinato a le privil\u00e8ge d\u2019accueillir dans ses rangs des invit\u00e9s aux parcours talentueux. Parmi eux :\u00a0 des solistes, des pianistes et des chefs qui accompagnent ouLire la suite\" \/>\n<meta property=\"og:url\" content=\"https:\/\/ostinato.fr\/index.php\/artistes-invites\/\" \/>\n<meta property=\"og:site_name\" content=\"Ostinato - L&#039;Orchestre\" \/>\n<meta property=\"article:modified_time\" content=\"2023-01-31T15:43:50+00:00\" \/>\n<meta property=\"og:image\" content=\"https:\/\/ostinato.fr\/wp-content\/uploads\/2020\/01\/0002-1024x1024.jpg\" \/>\n<meta name=\"twitter:card\" content=\"summary_large_image\" \/>\n<meta name=\"twitter:label1\" content=\"Dur\u00e9e de lecture estim\u00e9e\" \/>\n\t<meta name=\"twitter:data1\" content=\"2 minutes\" \/>\n<script type=\"application\/ld+json\" class=\"yoast-schema-graph\">{\"@context\":\"https:\\\/\\\/schema.org\",\"@graph\":[{\"@type\":\"WebPage\",\"@id\":\"https:\\\/\\\/ostinato.fr\\\/index.php\\\/artistes-invites\\\/\",\"url\":\"https:\\\/\\\/ostinato.fr\\\/index.php\\\/artistes-invites\\\/\",\"name\":\"Artistes invit\u00e9s - Ostinato - L&#039;Orchestre\",\"isPartOf\":{\"@id\":\"https:\\\/\\\/ostinato.fr\\\/#website\"},\"primaryImageOfPage\":{\"@id\":\"https:\\\/\\\/ostinato.fr\\\/index.php\\\/artistes-invites\\\/#primaryimage\"},\"image\":{\"@id\":\"https:\\\/\\\/ostinato.fr\\\/index.php\\\/artistes-invites\\\/#primaryimage\"},\"thumbnailUrl\":\"https:\\\/\\\/ostinato.fr\\\/wp-content\\\/uploads\\\/2020\\\/01\\\/0002-1024x1024.jpg\",\"datePublished\":\"2018-09-24T14:41:54+00:00\",\"dateModified\":\"2023-01-31T15:43:50+00:00\",\"breadcrumb\":{\"@id\":\"https:\\\/\\\/ostinato.fr\\\/index.php\\\/artistes-invites\\\/#breadcrumb\"},\"inLanguage\":\"fr-FR\",\"potentialAction\":[{\"@type\":\"ReadAction\",\"target\":[\"https:\\\/\\\/ostinato.fr\\\/index.php\\\/artistes-invites\\\/\"]}]},{\"@type\":\"ImageObject\",\"inLanguage\":\"fr-FR\",\"@id\":\"https:\\\/\\\/ostinato.fr\\\/index.php\\\/artistes-invites\\\/#primaryimage\",\"url\":\"https:\\\/\\\/ostinato.fr\\\/wp-content\\\/uploads\\\/2020\\\/01\\\/0002.jpg\",\"contentUrl\":\"https:\\\/\\\/ostinato.fr\\\/wp-content\\\/uploads\\\/2020\\\/01\\\/0002.jpg\",\"width\":1591,\"height\":1591},{\"@type\":\"BreadcrumbList\",\"@id\":\"https:\\\/\\\/ostinato.fr\\\/index.php\\\/artistes-invites\\\/#breadcrumb\",\"itemListElement\":[{\"@type\":\"ListItem\",\"position\":1,\"name\":\"Accueil\",\"item\":\"https:\\\/\\\/ostinato.fr\\\/\"},{\"@type\":\"ListItem\",\"position\":2,\"name\":\"Artistes invit\u00e9s\"}]},{\"@type\":\"WebSite\",\"@id\":\"https:\\\/\\\/ostinato.fr\\\/#website\",\"url\":\"https:\\\/\\\/ostinato.fr\\\/\",\"name\":\"Ostinato - L&#039;Orchestre\",\"description\":\"\",\"publisher\":{\"@id\":\"https:\\\/\\\/ostinato.fr\\\/#organization\"},\"potentialAction\":[{\"@type\":\"SearchAction\",\"target\":{\"@type\":\"EntryPoint\",\"urlTemplate\":\"https:\\\/\\\/ostinato.fr\\\/?s={search_term_string}\"},\"query-input\":{\"@type\":\"PropertyValueSpecification\",\"valueRequired\":true,\"valueName\":\"search_term_string\"}}],\"inLanguage\":\"fr-FR\"},{\"@type\":\"Organization\",\"@id\":\"https:\\\/\\\/ostinato.fr\\\/#organization\",\"name\":\"Ostinato - L&#039;Orchestre\",\"url\":\"https:\\\/\\\/ostinato.fr\\\/\",\"logo\":{\"@type\":\"ImageObject\",\"inLanguage\":\"fr-FR\",\"@id\":\"https:\\\/\\\/ostinato.fr\\\/#\\\/schema\\\/logo\\\/image\\\/\",\"url\":\"https:\\\/\\\/ostinato.fr\\\/wp-content\\\/uploads\\\/2023\\\/08\\\/cropped-OSTINATO-logo-officiel-300823.png\",\"contentUrl\":\"https:\\\/\\\/ostinato.fr\\\/wp-content\\\/uploads\\\/2023\\\/08\\\/cropped-OSTINATO-logo-officiel-300823.png\",\"width\":210,\"height\":68,\"caption\":\"Ostinato - L&#039;Orchestre\"},\"image\":{\"@id\":\"https:\\\/\\\/ostinato.fr\\\/#\\\/schema\\\/logo\\\/image\\\/\"}}]}<\/script>\n<!-- \/ Yoast SEO plugin. -->","yoast_head_json":{"title":"Artistes invit\u00e9s - Ostinato - L&#039;Orchestre","robots":{"index":"index","follow":"follow","max-snippet":"max-snippet:-1","max-image-preview":"max-image-preview:large","max-video-preview":"max-video-preview:-1"},"canonical":"https:\/\/ostinato.fr\/index.php\/artistes-invites\/","og_locale":"fr_FR","og_type":"article","og_title":"Artistes invit\u00e9s - Ostinato - L&#039;Orchestre","og_description":"Chaque ann\u00e9e, l\u2019Orchestre Atelier Ostinato a le privil\u00e8ge d\u2019accueillir dans ses rangs des invit\u00e9s aux parcours talentueux. Parmi eux :\u00a0 des solistes, des pianistes et des chefs qui accompagnent ouLire la suite","og_url":"https:\/\/ostinato.fr\/index.php\/artistes-invites\/","og_site_name":"Ostinato - L&#039;Orchestre","article_modified_time":"2023-01-31T15:43:50+00:00","og_image":[{"url":"https:\/\/ostinato.fr\/wp-content\/uploads\/2020\/01\/0002-1024x1024.jpg","type":"","width":"","height":""}],"twitter_card":"summary_large_image","twitter_misc":{"Dur\u00e9e de lecture estim\u00e9e":"2 minutes"},"schema":{"@context":"https:\/\/schema.org","@graph":[{"@type":"WebPage","@id":"https:\/\/ostinato.fr\/index.php\/artistes-invites\/","url":"https:\/\/ostinato.fr\/index.php\/artistes-invites\/","name":"Artistes invit\u00e9s - Ostinato - L&#039;Orchestre","isPartOf":{"@id":"https:\/\/ostinato.fr\/#website"},"primaryImageOfPage":{"@id":"https:\/\/ostinato.fr\/index.php\/artistes-invites\/#primaryimage"},"image":{"@id":"https:\/\/ostinato.fr\/index.php\/artistes-invites\/#primaryimage"},"thumbnailUrl":"https:\/\/ostinato.fr\/wp-content\/uploads\/2020\/01\/0002-1024x1024.jpg","datePublished":"2018-09-24T14:41:54+00:00","dateModified":"2023-01-31T15:43:50+00:00","breadcrumb":{"@id":"https:\/\/ostinato.fr\/index.php\/artistes-invites\/#breadcrumb"},"inLanguage":"fr-FR","potentialAction":[{"@type":"ReadAction","target":["https:\/\/ostinato.fr\/index.php\/artistes-invites\/"]}]},{"@type":"ImageObject","inLanguage":"fr-FR","@id":"https:\/\/ostinato.fr\/index.php\/artistes-invites\/#primaryimage","url":"https:\/\/ostinato.fr\/wp-content\/uploads\/2020\/01\/0002.jpg","contentUrl":"https:\/\/ostinato.fr\/wp-content\/uploads\/2020\/01\/0002.jpg","width":1591,"height":1591},{"@type":"BreadcrumbList","@id":"https:\/\/ostinato.fr\/index.php\/artistes-invites\/#breadcrumb","itemListElement":[{"@type":"ListItem","position":1,"name":"Accueil","item":"https:\/\/ostinato.fr\/"},{"@type":"ListItem","position":2,"name":"Artistes invit\u00e9s"}]},{"@type":"WebSite","@id":"https:\/\/ostinato.fr\/#website","url":"https:\/\/ostinato.fr\/","name":"Ostinato - L&#039;Orchestre","description":"","publisher":{"@id":"https:\/\/ostinato.fr\/#organization"},"potentialAction":[{"@type":"SearchAction","target":{"@type":"EntryPoint","urlTemplate":"https:\/\/ostinato.fr\/?s={search_term_string}"},"query-input":{"@type":"PropertyValueSpecification","valueRequired":true,"valueName":"search_term_string"}}],"inLanguage":"fr-FR"},{"@type":"Organization","@id":"https:\/\/ostinato.fr\/#organization","name":"Ostinato - L&#039;Orchestre","url":"https:\/\/ostinato.fr\/","logo":{"@type":"ImageObject","inLanguage":"fr-FR","@id":"https:\/\/ostinato.fr\/#\/schema\/logo\/image\/","url":"https:\/\/ostinato.fr\/wp-content\/uploads\/2023\/08\/cropped-OSTINATO-logo-officiel-300823.png","contentUrl":"https:\/\/ostinato.fr\/wp-content\/uploads\/2023\/08\/cropped-OSTINATO-logo-officiel-300823.png","width":210,"height":68,"caption":"Ostinato - L&#039;Orchestre"},"image":{"@id":"https:\/\/ostinato.fr\/#\/schema\/logo\/image\/"}}]}},"_links":{"self":[{"href":"https:\/\/ostinato.fr\/index.php\/wp-json\/wp\/v2\/pages\/53","targetHints":{"allow":["GET"]}}],"collection":[{"href":"https:\/\/ostinato.fr\/index.php\/wp-json\/wp\/v2\/pages"}],"about":[{"href":"https:\/\/ostinato.fr\/index.php\/wp-json\/wp\/v2\/types\/page"}],"author":[{"embeddable":true,"href":"https:\/\/ostinato.fr\/index.php\/wp-json\/wp\/v2\/users\/1"}],"replies":[{"embeddable":true,"href":"https:\/\/ostinato.fr\/index.php\/wp-json\/wp\/v2\/comments?post=53"}],"version-history":[{"count":83,"href":"https:\/\/ostinato.fr\/index.php\/wp-json\/wp\/v2\/pages\/53\/revisions"}],"predecessor-version":[{"id":3964,"href":"https:\/\/ostinato.fr\/index.php\/wp-json\/wp\/v2\/pages\/53\/revisions\/3964"}],"wp:attachment":[{"href":"https:\/\/ostinato.fr\/index.php\/wp-json\/wp\/v2\/media?parent=53"}],"curies":[{"name":"wp","href":"https:\/\/api.w.org\/{rel}","templated":true}]}}