{"id":39,"date":"2018-09-24T16:38:00","date_gmt":"2018-09-24T14:38:00","guid":{"rendered":"https:\/\/ostinato.fr\/?page_id=39"},"modified":"2019-10-30T20:14:58","modified_gmt":"2019-10-30T19:14:58","slug":"particuliers-entreprises","status":"publish","type":"page","link":"https:\/\/ostinato.fr\/index.php\/particuliers-entreprises\/","title":{"rendered":"Particuliers et entreprises"},"content":{"rendered":"\n<blockquote class=\"wp-block-quote is-layout-flow wp-block-quote-is-layout-flow\"><p>En choisissant d\u2019accompagner l\u2019Orchestre Atelier Ostinato, vous devenez un partenaire pr\u00e9cieux et essentiel !<\/p><\/blockquote>\n\n\n\n<figure class=\"wp-block-image\"><img loading=\"lazy\" decoding=\"async\" width=\"1600\" height=\"900\" src=\"https:\/\/ostinato.fr\/wp-content\/uploads\/2018\/10\/premium_20141215_014-1600x900.jpg\" alt=\"\" class=\"wp-image-144\" srcset=\"https:\/\/ostinato.fr\/wp-content\/uploads\/2018\/10\/premium_20141215_014-1600x900.jpg 1600w, https:\/\/ostinato.fr\/wp-content\/uploads\/2018\/10\/premium_20141215_014-1600x900-300x169.jpg 300w, https:\/\/ostinato.fr\/wp-content\/uploads\/2018\/10\/premium_20141215_014-1600x900-768x432.jpg 768w, https:\/\/ostinato.fr\/wp-content\/uploads\/2018\/10\/premium_20141215_014-1600x900-1024x576.jpg 1024w, https:\/\/ostinato.fr\/wp-content\/uploads\/2018\/10\/premium_20141215_014-1600x900-1320x743.jpg 1320w\" sizes=\"(max-width: 1600px) 100vw, 1600px\" \/><\/figure>\n\n\n\n<h2 class=\"wp-block-heading\">Des projets d\u2019esp\u00e9rance et d\u2019int\u00e9r\u00eat g\u00e9n\u00e9ral<\/h2>\n\n\n\n<ul><li><strong>Votre soutien est le garant de l\u2019excellence artistique de 80 jeunes musiciens. En effet, compte tenu de la comp\u00e9tition internationale, la formation des jeunes musiciens au sortir des conservatoires et leur insertion professionnelle doivent \u00eatre port\u00e9es au plus haut niveau d\u2019exigence. L\u2019Orchestre Atelier Ostinato offre cette p\u00e9riode-tremplin n\u00e9cessaire pour permettre aux jeunes d\u2019envisager les meilleurs concours d\u2019orchestre.<\/strong><\/li><\/ul>\n\n\n\n<p>Les instrumentistes s\u2019engagent sur deux axes citoyens :<\/p>\n\n\n\n<ul><li><strong>Un engagement social en faveur des personnes victimes de la solitude et de&nbsp;l\u2019isolement,<\/strong><\/li><li><strong>Une action \u00e9ducative en direction des \u00e9coliers, coll\u00e9giens et lyc\u00e9ens.<\/strong><\/li><\/ul>\n\n\n\n<p>C\u2019est l\u2019occasion unique de permettre \u00e0 des jeunes lanc\u00e9s dans la dynamique de leur carri\u00e8re musicale de communiquer par l\u2019exemple et \u00e0 travers la musique.<\/p>\n\n\n\n<p>Rejoignez-nous et t\u00e9moignez votre attachement \u00e0 notre projet !<\/p>\n\n\n\n<div class=\"wp-block-columns has-2-columns is-layout-flex wp-container-core-columns-is-layout-1 wp-block-columns-is-layout-flex\">\n<div class=\"wp-block-column is-layout-flow wp-block-column-is-layout-flow\">\n<figure class=\"wp-block-image\"><a href=\"\/index.php\/particuliers\"><img loading=\"lazy\" decoding=\"async\" width=\"960\" height=\"640\" src=\"https:\/\/ostinato.fr\/wp-content\/uploads\/2018\/10\/soutenir1-1.jpg\" alt=\"\" class=\"wp-image-700\" srcset=\"https:\/\/ostinato.fr\/wp-content\/uploads\/2018\/10\/soutenir1-1.jpg 960w, https:\/\/ostinato.fr\/wp-content\/uploads\/2018\/10\/soutenir1-1-300x200.jpg 300w, https:\/\/ostinato.fr\/wp-content\/uploads\/2018\/10\/soutenir1-1-768x512.jpg 768w\" sizes=\"(max-width: 960px) 100vw, 960px\" \/><\/a><\/figure>\n\n\n\n<p><\/p>\n<\/div>\n\n\n\n<div class=\"wp-block-column is-layout-flow wp-block-column-is-layout-flow\">\n<figure class=\"wp-block-image\"><a href=\"\/index.php\/entreprises\"><img loading=\"lazy\" decoding=\"async\" width=\"960\" height=\"640\" src=\"https:\/\/ostinato.fr\/wp-content\/uploads\/2018\/10\/soutenir2-1.jpg\" alt=\"\" class=\"wp-image-699\" srcset=\"https:\/\/ostinato.fr\/wp-content\/uploads\/2018\/10\/soutenir2-1.jpg 960w, https:\/\/ostinato.fr\/wp-content\/uploads\/2018\/10\/soutenir2-1-300x200.jpg 300w, https:\/\/ostinato.fr\/wp-content\/uploads\/2018\/10\/soutenir2-1-768x512.jpg 768w\" sizes=\"(max-width: 960px) 100vw, 960px\" \/><\/a><\/figure>\n<\/div>\n<\/div>\n\n\n\n<p>L&rsquo;Orchestre Atelier Ostinato est une association reconnue d\u2019int\u00e9r\u00eat g\u00e9n\u00e9ral et conform\u00e9ment au CGI, permet :<\/p>\n\n\n\n<ul><li>aux entreprises m\u00e9c\u00e8nes de b\u00e9n\u00e9ficier d\u2019une r\u00e9duction de l\u2019imp\u00f4t sur les soci\u00e9t\u00e9s de 60 % de la&nbsp;valeur du don effectu\u00e9, dans la limite de 0,5 % de leur chiffre d\u2019affaires total hors taxes<\/li><li>aux particuliers, de b\u00e9n\u00e9ficier d\u2019une r\u00e9duction d\u2019imp\u00f4t \u00e9gale \u00e0 66 % du montant de leur don, dans la&nbsp;limite annuelle de 20 % de leur revenu imposable<\/li><\/ul>\n\n\n\n<h2 class=\"wp-block-heading\">Faire un don depuis l&rsquo;\u00e9tranger<\/h2>\n\n\n\n<h4 class=\"wp-block-heading\">Belgique<\/h4>\n\n\n\n<div class=\"wp-block-media-text alignwide\" style=\"grid-template-columns:27% auto\"><figure class=\"wp-block-media-text__media\"><img loading=\"lazy\" decoding=\"async\" width=\"432\" height=\"432\" src=\"https:\/\/ostinato.fr\/wp-content\/uploads\/2019\/10\/drapeau-belge.jpg\" alt=\"\" class=\"wp-image-2903\" srcset=\"https:\/\/ostinato.fr\/wp-content\/uploads\/2019\/10\/drapeau-belge.jpg 432w, https:\/\/ostinato.fr\/wp-content\/uploads\/2019\/10\/drapeau-belge-150x150.jpg 150w, https:\/\/ostinato.fr\/wp-content\/uploads\/2019\/10\/drapeau-belge-300x300.jpg 300w\" sizes=\"(max-width: 432px) 100vw, 432px\" \/><\/figure><div class=\"wp-block-media-text__content\">\n<ul><li><strong>Account holder<\/strong>: King Baudouin Foundation Bank:  bpost bank Address Rue des colonies 56 (P28)- 1000 Brussels   <\/li><li><strong>Account number<\/strong> : 000-0000004-04 IBAN: BE10 0000 0000 0404 BIC: BPOTBEB1<\/li><li><strong>Communication<\/strong> :   TGE \u2013 Orchestre Atelier Ostinato \u2013 France \u00a0 <\/li><li><strong>Contact<\/strong> : Carine Poskin \u2013 poskin.c@kbs-frb.be \u2013 +32 2 549 02 31    Ludwig Forrest \u2013 forrest.l@kbs-frb.be \u2013 +32 2 549 02 38 <\/li><\/ul>\n<\/div><\/div>\n\n\n\n<h4 class=\"wp-block-heading\">Allemagne<\/h4>\n\n\n\n<div class=\"wp-block-media-text alignwide\" style=\"grid-template-columns:30% auto\"><figure class=\"wp-block-media-text__media\"><img loading=\"lazy\" decoding=\"async\" width=\"455\" height=\"455\" src=\"https:\/\/ostinato.fr\/wp-content\/uploads\/2019\/10\/drapeau-allemagne.jpg\" alt=\"\" class=\"wp-image-2904\" srcset=\"https:\/\/ostinato.fr\/wp-content\/uploads\/2019\/10\/drapeau-allemagne.jpg 455w, https:\/\/ostinato.fr\/wp-content\/uploads\/2019\/10\/drapeau-allemagne-150x150.jpg 150w, https:\/\/ostinato.fr\/wp-content\/uploads\/2019\/10\/drapeau-allemagne-300x300.jpg 300w\" sizes=\"(max-width: 455px) 100vw, 455px\" \/><\/figure><div class=\"wp-block-media-text__content\">\n<ul><li><strong>Account holder<\/strong>: Maecenata Stiftung Bank: Bankhaus L\u00f6bbecke Address: Bankhaus L\u00f6bbecke, Behrenstra\u00dfe 36, 10 117 Berlin <\/li><li><strong>Account number<\/strong> 1061 0007 01 IBAN: DE89 1003 0500 1061 0007 01 BIC: LOEB DEBB XXX Bank code \/ BLZ: 10030500 <\/li><li><strong>Communication<\/strong> : TGE \u2013 Orchestre Atelier Ostinato \u2013 France \u00a0<\/li><li><strong>Contact<\/strong>: Christian Schreier \u2013 csc@maecenata.eu \u2013 +49 30 28 38 79 09<\/li><\/ul>\n<\/div><\/div>\n\n\n\n<div class=\"wp-block-image\"><figure class=\"alignleft is-resized\"><img loading=\"lazy\" decoding=\"async\" src=\"https:\/\/ostinato.fr\/wp-content\/uploads\/2018\/12\/IMG_4452-1024x768.jpg\" alt=\"\" class=\"wp-image-2521\" width=\"196\" height=\"147\" srcset=\"https:\/\/ostinato.fr\/wp-content\/uploads\/2018\/12\/IMG_4452-1024x768.jpg 1024w, https:\/\/ostinato.fr\/wp-content\/uploads\/2018\/12\/IMG_4452-300x225.jpg 300w, https:\/\/ostinato.fr\/wp-content\/uploads\/2018\/12\/IMG_4452-768x576.jpg 768w, https:\/\/ostinato.fr\/wp-content\/uploads\/2018\/12\/IMG_4452-1320x990.jpg 1320w\" sizes=\"(max-width: 196px) 100vw, 196px\" \/><\/figure><\/div>\n\n\n\n<h3 class=\"wp-block-heading\">Contact : <\/h3>\n\n\n\n<p><span style=\"color: black;\">Emmanuelle Duthu <\/span><\/p>\n\n\n\n<p><span style=\"color: black;\">01 43 25 41 02<\/span><\/p>\n","protected":false},"excerpt":{"rendered":"<p>En choisissant d\u2019accompagner l\u2019Orchestre Atelier Ostinato, vous devenez un partenaire pr\u00e9cieux et essentiel ! Des projets d\u2019esp\u00e9rance et d\u2019int\u00e9r\u00eat g\u00e9n\u00e9ral Votre soutien est le garant de l\u2019excellence artistique de 80<\/p><\/div>\n<div class=\"blog-btn\"><a href=\"https:\/\/ostinato.fr\/index.php\/particuliers-entreprises\/\" class=\"home-blog-btn\">Lire la suite<\/a><\/p>\n","protected":false},"author":1,"featured_media":0,"parent":0,"menu_order":0,"comment_status":"closed","ping_status":"closed","template":"","meta":{"sfsi_plus_gutenberg_text_before_share":"","sfsi_plus_gutenberg_show_text_before_share":"","sfsi_plus_gutenberg_icon_type":"","sfsi_plus_gutenberg_icon_alignemt":"","sfsi_plus_gutenburg_max_per_row":"","ghostkit_customizer_options":"","ghostkit_custom_css":"","ghostkit_custom_js_head":"","ghostkit_custom_js_foot":"","ghostkit_typography":"","_mi_skip_tracking":false,"footnotes":""},"_links":{"self":[{"href":"https:\/\/ostinato.fr\/index.php\/wp-json\/wp\/v2\/pages\/39"}],"collection":[{"href":"https:\/\/ostinato.fr\/index.php\/wp-json\/wp\/v2\/pages"}],"about":[{"href":"https:\/\/ostinato.fr\/index.php\/wp-json\/wp\/v2\/types\/page"}],"author":[{"embeddable":true,"href":"https:\/\/ostinato.fr\/index.php\/wp-json\/wp\/v2\/users\/1"}],"replies":[{"embeddable":true,"href":"https:\/\/ostinato.fr\/index.php\/wp-json\/wp\/v2\/comments?post=39"}],"version-history":[{"count":53,"href":"https:\/\/ostinato.fr\/index.php\/wp-json\/wp\/v2\/pages\/39\/revisions"}],"predecessor-version":[{"id":2906,"href":"https:\/\/ostinato.fr\/index.php\/wp-json\/wp\/v2\/pages\/39\/revisions\/2906"}],"wp:attachment":[{"href":"https:\/\/ostinato.fr\/index.php\/wp-json\/wp\/v2\/media?parent=39"}],"curies":[{"name":"wp","href":"https:\/\/api.w.org\/{rel}","templated":true}]}}