{"id":3545,"date":"2021-08-23T16:56:37","date_gmt":"2021-08-23T14:56:37","guid":{"rendered":"https:\/\/ostinato.fr\/?page_id=3545"},"modified":"2023-08-30T17:31:42","modified_gmt":"2023-08-30T15:31:42","slug":"charte-pour-la-laicite","status":"publish","type":"page","link":"https:\/\/ostinato.fr\/index.php\/charte-pour-la-laicite\/","title":{"rendered":"Charte pour la la\u00efcit\u00e9"},"content":{"rendered":"<h3 class=\"_04xlpA direction-ltr align-justify para-style-body\"><span class=\"JsGRdQ\">PR\u00c9AMBULE\u00a0<\/span><\/h3>\n<h3 class=\"_04xlpA direction-ltr align-justify para-style-body\"><span class=\"JsGRdQ\">L<\/span><span class=\"JsGRdQ\">&lsquo;Orchestre Ostinato signe la Charte sur la la\u00efcit\u00e9 r\u00e9dig\u00e9e par la R\u00e9gion \u00cele-de-France et s\u2019engage \u00e0 pr\u00e9server et d\u00e9fendre les valeurs inscrites dans les textes fondateurs de la R\u00e9publique que sont la D\u00e9claration des Droits de l\u2019Homme et du Citoyen de 1789, le Pr\u00e9ambule de la Constitution du 27 octobre 1946 et la Constitution du 4 octobre 1958, ainsi que le principe de la\u00efcit\u00e9 garanti par la loi du 9 d\u00e9cembre 1905.\u00a0<\/span><\/h3>\n<p class=\"_04xlpA direction-ltr align-justify para-style-body\"><span class=\"JsGRdQ\">La France est une R\u00e9publique indivisible, la\u00efque, d\u00e9mocratique et sociale. Elle assure l\u2019\u00e9galit\u00e9 devant la loi, sur l\u2019ensemble de son territoire, de tous les citoyens, sans distinction d\u2019origine, de sexe, d\u2019orientation ou d\u2019identit\u00e9 sexuelle, ou de religion. Elle garantit des droits \u00e9gaux aux femmes et aux hommes.\u00a0<\/span><\/p>\n<p class=\"_04xlpA direction-ltr align-justify para-style-body\"><span class=\"JsGRdQ\">La la\u00efcit\u00e9 repose sur trois principes :<\/span><\/p>\n<ul>\n<li><span class=\"JsGRdQ\">la libert\u00e9 de conscience et de culte,<\/span><\/li>\n<li><span class=\"JsGRdQ\">la s\u00e9paration des institutions publiques et des organisations religieuses,<\/span><\/li>\n<li><span class=\"JsGRdQ\">et l\u2019\u00e9galit\u00e9 de tous devant la loi quelles que soient leurs croyances ou leurs convictions.\u00a0<\/span><\/li>\n<\/ul>\n<p class=\"_04xlpA direction-ltr align-justify para-style-body\"><span class=\"JsGRdQ\">Les valeurs de la R\u00e9publique permettent l\u2019exercice de la citoyennet\u00e9.<\/span><\/p>\n<p class=\"_04xlpA direction-ltr align-justify para-style-body\"><span class=\"JsGRdQ\">Elles impliquent :<\/span><\/p>\n<ul>\n<li><span class=\"JsGRdQ\">le rejet de toute violence, des discriminations,<\/span><\/li>\n<li><span class=\"JsGRdQ\">garantissent l\u2019\u00e9galit\u00e9 des femmes et des hommes<\/span><\/li>\n<li><span class=\"JsGRdQ\">et reposent sur une culture du respect et de la compr\u00e9hension de l\u2019autre.<\/span><\/li>\n<\/ul>\n<p class=\"_04xlpA direction-ltr align-justify para-style-body\"><span class=\"JsGRdQ\">Leur respect impose qu\u2019aucun principe religieux ne leur est sup\u00e9rieur.\u00a0<\/span><\/p>\n<p class=\"_04xlpA direction-ltr align-justify para-style-body\"><span class=\"JsGRdQ\">Nul ne peut se pr\u00e9valoir de convictions politiques, philosophiques ou religieuses pour ne pas appliquer les principes et valeurs de la R\u00e9publique. Nul ne peut \u00eatre inqui\u00e9t\u00e9 pour ses opinions pourvu que leur manifestation ne trouble pas l\u2019ordre public. La libert\u00e9 de religion ou de conviction rencontre n\u00e9cessairement les limites li\u00e9es au respect du pluralisme religieux et \u00e0 la libert\u00e9 de ne pas croire, \u00e0 la protection des droits et des libert\u00e9s d\u2019autrui, au maintien de l\u2019ordre public, de la paix civile et du vivre ensemble.\u00a0<\/span><\/p>\n<p class=\"_04xlpA direction-ltr align-justify para-style-body\"><span class=\"JsGRdQ\">Si la loi impose l\u2019exercice du principe de neutralit\u00e9 aux services publics, les usagers du service public comme les acteurs priv\u00e9s ne doivent pas entraver la libert\u00e9 et le libre-arbitre d\u2019autrui, dans le souci de l\u2019int\u00e9r\u00eat g\u00e9n\u00e9ral.\u00a0<\/span><\/p>\n<p class=\"_04xlpA direction-ltr align-justify para-style-body\"><span class=\"JsGRdQ\">L&rsquo;Orchestre Ostinato d\u00e9cide de promouvoir et de faire respecter ces principes dans tous les champs de son intervention, tout en garantissant \u00e0 toutes et tous la libert\u00e9 d\u2019adh\u00e9sion et d\u2019acc\u00e8s aux services, la non-discrimination, la non tol\u00e9rance des incivilit\u00e9s, le refus des provocations, des violences et des incitations \u00e0 la haine.\u00a0<\/span><\/p>\n<h3 class=\"_04xlpA direction-ltr align-justify para-style-body\"><span class=\"JsGRdQ\">LES MUSICIENS D&rsquo;OSTINATO<\/span><\/h3>\n<ul>\n<li><span class=\"JsGRdQ\">Article 1\u00a0<\/span><\/li>\n<\/ul>\n<p class=\"_04xlpA direction-ltr align-justify para-style-body\"><span class=\"JsGRdQ\">Le devoir de stricte neutralit\u00e9<\/span><span class=\"JsGRdQ\"> s\u2019impose au sein de l&rsquo;Orchestre Ostinato qui<\/span> <span class=\"JsGRdQ\">&#8211; avec ses instrumentistes et \u00e9quipe &#8211;<\/span> <span class=\"JsGRdQ\">doit adopter un comportement impartial vis-\u00e0-vis de<\/span> <span class=\"JsGRdQ\">toutes les personnes et organismes avec lesquels il est en contact et respecter la libert\u00e9 de conscience de ses interlocuteurs.\u00a0<\/span><\/p>\n<ul>\n<li><span class=\"JsGRdQ\">Article 2\u00a0<\/span><\/li>\n<\/ul>\n<p class=\"_04xlpA direction-ltr align-justify para-style-body\"><span class=\"JsGRdQ\">La libert\u00e9 de conscience<\/span><span class=\"JsGRdQ\"> est garantie \u00e0 tou.te.s les musicien.ne.s . La manifestation de leurs convictions dans l\u2019exercice de leurs fonctions constitue un manquement au devoir de neutralit\u00e9.\u00a0<\/span><\/p>\n<ul>\n<li><span class=\"JsGRdQ\">Article 3\u00a0<\/span><\/li>\n<\/ul>\n<p class=\"_04xlpA direction-ltr align-justify para-style-body\"><span class=\"JsGRdQ\">Il appartient aux responsables de faire respecter l\u2019application du<\/span><span class=\"JsGRdQ\"> principe de la\u00efcit\u00e9<\/span><span class=\"JsGRdQ\"> et de transmettre<\/span> <span class=\"JsGRdQ\">le sens et la valeur des principes fondamentaux de la R\u00e9publique.\u00a0<\/span><\/p>\n<ul>\n<li><span class=\"JsGRdQ\">Article 4<\/span><span class=\"JsGRdQ\">\u00a0<\/span><\/li>\n<\/ul>\n<p class=\"_04xlpA direction-ltr align-justify para-style-body\"><span class=\"JsGRdQ\">Toutes les personnes morales publiques ou priv\u00e9es soutenues par la R\u00e9gion respectent et font respecter les <\/span><span class=\"JsGRdQ\">principes et valeurs de la R\u00e9publique.\u00a0<\/span><\/p>\n<p class=\"_04xlpA direction-ltr align-justify para-style-body\"><span class=\"JsGRdQ\">En tant qu&rsquo;organisme de formation de jeunes adultes, l&rsquo;Orchestre Ostinato s\u2019engage particuli\u00e8rement \u00e0 transmettre ces valeurs au travers de sa mission \u00e9ducative.\u00a0<\/span><\/p>\n<p class=\"_04xlpA direction-ltr align-justify para-style-body\"><span class=\"JsGRdQ\">\u00c0 ce titre, il contribue \u00e0 l\u2019\u00e9gal traitement de tous, sans distinction d\u2019origine, de sexe, d\u2019orientation ou d\u2019identit\u00e9 sexuelle, ou de religion et lutte contre toutes les formes de discriminations.<\/span><\/p>\n<p class=\"_04xlpA direction-ltr align-justify para-style-body\"><span class=\"JsGRdQ\">Il s\u2019engage \u00e0 faire respecter l\u2019\u00e9galit\u00e9 entre les femmes et les hommes, refuse toutes les formes de harc\u00e8lement, le port impos\u00e9 de tenues vestimentaires \u00e0 caract\u00e8re religieux, le refus de contact ou de relation hi\u00e9rarchique avec des femmes.\u00a0<\/span><\/p>\n<p class=\"_04xlpA direction-ltr align-justify para-style-body\"><span class=\"JsGRdQ\">Il veille \u00e0 l\u2019int\u00e9grit\u00e9 morale et physique des jeunes<\/span> <span class=\"JsGRdQ\">(maltraitance psychologique ou physique, violence \u00e0 caract\u00e8re sexuel, mise sous emprise psychologique).\u00a0<\/span><\/p>\n<p class=\"_04xlpA direction-ltr align-justify para-style-body\"><span class=\"JsGRdQ\">Il prot\u00e8ge ses adh\u00e9rents, salari\u00e9s, b\u00e9n\u00e9voles et usagers contre tout pros\u00e9lytisme qui constituerait des formes de pressions et les emp\u00eacherait d\u2019exercer leur libre arbitre et de faire leurs propres choix.\u00a0<\/span><\/p>\n<p class=\"_04xlpA direction-ltr align-justify para-style-body\"><span class=\"JsGRdQ\">Il n\u2019accepte pas que des individus puissent se pr\u00e9valoir de leur appartenance religieuse pour refuser de se conformer aux lois de la R\u00e9publique.\u00a0<\/span><\/p>\n<p class=\"_04xlpA direction-ltr align-justify para-style-body\"><span class=\"JsGRdQ\">Il ne tol\u00e8re ni les violences ni les incivilit\u00e9s ou tout autre comportement signifiant le rejet et la haine de l\u2019autre.\u00a0<\/span><\/p>\n<h3 class=\"_04xlpA direction-ltr align-start para-style-body\"><span class=\"JsGRdQ\">EXTRAITS DES PRINCIPAUX TEXTES FONDATEURS\u00a0<\/span><\/h3>\n<p class=\"_04xlpA direction-ltr align-start para-style-body\"><span class=\"JsGRdQ\">Articles 4 et 10 de la D\u00e9claration des Droits de l\u2019Homme et du Citoyen de 1789 :\u00a0<\/span><\/p>\n<ul>\n<li class=\"_04xlpA direction-ltr align-start para-style-body\"><span class=\"JsGRdQ\">\u00ab Article 4 : La libert\u00e9 consiste \u00e0 pouvoir faire tout ce qui ne nuit pas \u00e0 autrui : ainsi, l\u2019exercice des droits naturels de chaque homme n\u2019a de bornes que celles qui assurent aux autres Membres de la Soci\u00e9t\u00e9 la jouissance de ces m\u00eames droits. Ces bornes ne peuvent \u00eatre d\u00e9termin\u00e9es que par la Loi. \u00bb.<\/span><\/li>\n<li class=\"_04xlpA direction-ltr align-start para-style-body\"><span class=\"JsGRdQ\">\u00ab Article 10 : Nul ne doit \u00eatre inqui\u00e9t\u00e9 pour ses opinions, m\u00eame religieuses, pourvu que leur manifestation ne trouble pas l\u2019ordre public \u00e9tabli par la Loi. \u00bb.\u00a0<\/span><\/li>\n<li class=\"_04xlpA direction-ltr align-start para-style-body\"><span class=\"JsGRdQ\">Extrait du Pr\u00e9ambule de la Constitution du 27 octobre 1946 : <\/span>\u00ab 3. La loi garantit \u00e0 la femme, dans tous les domaines, des droits \u00e9gaux \u00e0 ceux de l\u2019homme. \u00bb<\/li>\n<li class=\"_04xlpA direction-ltr align-start para-style-body\"><span class=\"JsGRdQ\">Extrait de l\u2019article 1 de la Constitution du 4 octobre 1958 : <\/span>\u00ab La France est une R\u00e9publique indivisible, la\u00efque, d\u00e9mocratique et sociale. Elle assure l\u2019\u00e9galit\u00e9 devant la loi de tous les citoyens sans distinction d\u2019origine, de race ou de religion. Elle respecte toutes les croyances (\u2026). \u00bb<\/li>\n<li class=\"_04xlpA direction-ltr align-start para-style-body\"><span class=\"JsGRdQ\">Article 1 de la loi du 9 d\u00e9cembre 1905 concernant la s\u00e9paration des \u00c9glises et de l\u2019\u00c9tat : <\/span>\u00ab La R\u00e9publique assure la libert\u00e9 de conscience. Elle garantit le libre exercice des cultes sous les seules restrictions \u00e9dict\u00e9es ci-apr\u00e8s dans l\u2019int\u00e9r\u00eat de l\u2019ordre public. \u00bb<\/li>\n<\/ul>\n","protected":false},"excerpt":{"rendered":"<p>PR\u00c9AMBULE\u00a0 L&lsquo;Orchestre Ostinato signe la Charte sur la la\u00efcit\u00e9 r\u00e9dig\u00e9e par la R\u00e9gion \u00cele-de-France et s\u2019engage \u00e0 pr\u00e9server et d\u00e9fendre les valeurs inscrites dans les textes fondateurs de la R\u00e9publique<\/p><\/div>\n<div class=\"blog-btn\"><a href=\"https:\/\/ostinato.fr\/index.php\/charte-pour-la-laicite\/\" class=\"home-blog-btn\">Lire la suite<\/a><\/p>\n","protected":false},"author":2,"featured_media":0,"parent":0,"menu_order":-3,"comment_status":"closed","ping_status":"closed","template":"","meta":{"sfsi_plus_gutenberg_text_before_share":"","sfsi_plus_gutenberg_show_text_before_share":"","sfsi_plus_gutenberg_icon_type":"","sfsi_plus_gutenberg_icon_alignemt":"","sfsi_plus_gutenburg_max_per_row":"","ghostkit_customizer_options":"","ghostkit_custom_css":"","ghostkit_custom_js_head":"","ghostkit_custom_js_foot":"","ghostkit_typography":"","_mi_skip_tracking":false,"footnotes":""},"_links":{"self":[{"href":"https:\/\/ostinato.fr\/index.php\/wp-json\/wp\/v2\/pages\/3545"}],"collection":[{"href":"https:\/\/ostinato.fr\/index.php\/wp-json\/wp\/v2\/pages"}],"about":[{"href":"https:\/\/ostinato.fr\/index.php\/wp-json\/wp\/v2\/types\/page"}],"author":[{"embeddable":true,"href":"https:\/\/ostinato.fr\/index.php\/wp-json\/wp\/v2\/users\/2"}],"replies":[{"embeddable":true,"href":"https:\/\/ostinato.fr\/index.php\/wp-json\/wp\/v2\/comments?post=3545"}],"version-history":[{"count":5,"href":"https:\/\/ostinato.fr\/index.php\/wp-json\/wp\/v2\/pages\/3545\/revisions"}],"predecessor-version":[{"id":4177,"href":"https:\/\/ostinato.fr\/index.php\/wp-json\/wp\/v2\/pages\/3545\/revisions\/4177"}],"wp:attachment":[{"href":"https:\/\/ostinato.fr\/index.php\/wp-json\/wp\/v2\/media?parent=3545"}],"curies":[{"name":"wp","href":"https:\/\/api.w.org\/{rel}","templated":true}]}}