{"id":324,"date":"2018-10-20T15:40:42","date_gmt":"2018-10-20T13:40:42","guid":{"rendered":"https:\/\/ostinato.fr\/?page_id=324"},"modified":"2018-11-21T14:33:48","modified_gmt":"2018-11-21T13:33:48","slug":"entreprises","status":"publish","type":"page","link":"https:\/\/ostinato.fr\/index.php\/entreprises\/","title":{"rendered":"Rejoignez le cercle des entreprises m\u00e9c\u00e8nes"},"content":{"rendered":"\n<blockquote class=\"wp-block-quote is-layout-flow wp-block-quote-is-layout-flow\"><p>Vous souhaitez vous engager pour une mission \u00e9ducative sociale et humaine en permettant \u00e0 80 jeunes musiciens d\u2019acc\u00e9der \u00e0 l\u2019excellence artistique.<\/p><\/blockquote>\n\n\n\n<div style=\"height:30px\" aria-hidden=\"true\" class=\"wp-block-spacer\"><\/div>\n\n\n\n<div class=\"wp-block-image\"><figure class=\"alignleft is-resized\"><img loading=\"lazy\" decoding=\"async\" src=\"https:\/\/ostinato.fr\/wp-content\/uploads\/2018\/10\/IMG_1973.jpg\" alt=\"\" class=\"wp-image-179\" width=\"200\" height=\"122\"\/><\/figure><\/div>\n\n\n\n<p><strong>Parrainez 10 jeunes instrumentistes<\/strong> en finan\u00e7ant un an de formation (40 000 \u20ac soit 16 000 \u20ac apr\u00e8s r\u00e9duction fiscale) et suivez les dans leurs parcours.<\/p>\n\n\n\n<div style=\"height:80px\" aria-hidden=\"true\" class=\"wp-block-spacer\"><\/div>\n\n\n\n<div class=\"wp-block-image\"><figure class=\"alignleft is-resized\"><img loading=\"lazy\" decoding=\"async\" src=\"https:\/\/ostinato.fr\/wp-content\/uploads\/2018\/10\/entreprise1.jpg\" alt=\"\" class=\"wp-image-714\" width=\"200\" height=\"142\"\/><\/figure><\/div>\n\n\n\n<p><strong>Permettez \u00e0 des publics fragilis\u00e9s par leur isolement de se reconstruire en vivant une exp\u00e9rience musicale au c\u0153ur de l\u2019orchestre.\u00a0<\/strong>Soutenez ou co-financez un ou plusieurs ateliers-concerts*\u00a0: pour des personnes \u00e2g\u00e9es en Ehpad, pour les d\u00e9tenus en prison, pour des jeunes hospitalis\u00e9s en longue dur\u00e9e, pour des migrants, pour des personnes de la rue**.<br>*co\u00fbt d\u2019un atelier-concert entre 10 et 15 000 \u20ac<br>** programme des interventions de l\u2019ann\u00e9e en cours sur demande<\/p>\n\n\n\n<div style=\"height:50px\" aria-hidden=\"true\" class=\"wp-block-spacer\"><\/div>\n\n\n\n<div class=\"wp-block-image\"><figure class=\"alignleft is-resized\"><img loading=\"lazy\" decoding=\"async\" src=\"https:\/\/ostinato.fr\/wp-content\/uploads\/2018\/10\/entreprise2.jpg\" alt=\"\" class=\"wp-image-715\" width=\"200\" height=\"199\"\/><\/figure><\/div>\n\n\n\n<p><strong>Soutenez l&rsquo;orchestre dans son action p\u00e9dagogique<\/strong> pour l&rsquo;acc\u00e8s \u00e0 la musique pour tous dans les lyc\u00e9es, coll\u00e8ges et \u00e9coles.<\/p>\n\n\n\n<div style=\"height:100px\" aria-hidden=\"true\" class=\"wp-block-spacer\"><\/div>\n\n\n\n<div class=\"wp-block-image\"><figure class=\"alignleft is-resized\"><img loading=\"lazy\" decoding=\"async\" src=\"https:\/\/ostinato.fr\/wp-content\/uploads\/2018\/10\/entreprise3.jpg\" alt=\"\" class=\"wp-image-716\" width=\"200\" height=\"168\"\/><\/figure><\/div>\n\n\n\n<p><strong>Ecouter autrement.<\/strong><br>Plongez dans la musique ! Vivez des moments d\u2019exception, cr\u00e9ez avec nous votre concert priv\u00e9, sur mesure, \u00e0 partager avec vos invit\u00e9s !<br><a href=\"\/index.php\/ecouter-autrement\/\">Plus d&rsquo;informations<\/a><\/p>\n\n\n\n<div style=\"height:50px\" aria-hidden=\"true\" class=\"wp-block-spacer\"><\/div>\n\n\n\n<div class=\"wp-block-image\"><figure class=\"aligncenter\"><img loading=\"lazy\" decoding=\"async\" width=\"1024\" height=\"596\" src=\"https:\/\/ostinato.fr\/wp-content\/uploads\/2018\/10\/entreprise4-3.jpg\" alt=\"\" class=\"wp-image-717\" srcset=\"https:\/\/ostinato.fr\/wp-content\/uploads\/2018\/10\/entreprise4-3.jpg 1024w, https:\/\/ostinato.fr\/wp-content\/uploads\/2018\/10\/entreprise4-3-300x175.jpg 300w, https:\/\/ostinato.fr\/wp-content\/uploads\/2018\/10\/entreprise4-3-768x447.jpg 768w\" sizes=\"(max-width: 1024px) 100vw, 1024px\" \/><\/figure><\/div>\n\n\n\n<h2 class=\"wp-block-heading\">Et en compl\u00e9ment vous pouvez b\u00e9n\u00e9ficier :<\/h2>\n\n\n\n<ul><li>D\u2019une visibilit\u00e9 sur les <strong>supports de communication<\/strong><\/li><li><strong>D\u2019invitations aux concerts<\/strong>, aux enregistrements, aux r\u00e9p\u00e9titions g\u00e9n\u00e9rales, aux avant-premi\u00e8res, etc.<\/li><li><strong>D\u2019espaces mis \u00e0 disposition**<\/strong> sur les lieux de concert pour recevoir clients ou collaborateurs<\/li><li>De services sur mesure pour impliquer les collaborateurs : \u00eatre en <strong>immersion dans l\u2019orchestre<\/strong> au cours d\u2019une r\u00e9p\u00e9tition, participer \u00e0 des ateliers\u2026<\/li><li>De <strong>concerts priv\u00e9s<\/strong> pouvant aller jusqu\u2019\u00e0 80 musiciens au sein de votre structure<\/li><li>De <strong>rencontres avec les musiciens<\/strong> apr\u00e8s les concerts<\/li><li><span class=\"orange\">\u2026 d\u2019une autre fa\u00e7on d\u2019aborder la culture en entreprise<\/span><\/li><\/ul>\n\n\n\n<p>** Sur demande<\/p>\n","protected":false},"excerpt":{"rendered":"<p>Vous souhaitez vous engager pour une mission \u00e9ducative sociale et humaine en permettant \u00e0 80 jeunes musiciens d\u2019acc\u00e9der \u00e0 l\u2019excellence artistique. Parrainez 10 jeunes instrumentistes en finan\u00e7ant un an de<\/p><\/div>\n<div class=\"blog-btn\"><a href=\"https:\/\/ostinato.fr\/index.php\/entreprises\/\" class=\"home-blog-btn\">Lire la suite<\/a><\/p>\n","protected":false},"author":1,"featured_media":0,"parent":0,"menu_order":0,"comment_status":"closed","ping_status":"closed","template":"","meta":{"sfsi_plus_gutenberg_text_before_share":"","sfsi_plus_gutenberg_show_text_before_share":"","sfsi_plus_gutenberg_icon_type":"","sfsi_plus_gutenberg_icon_alignemt":"","sfsi_plus_gutenburg_max_per_row":"","ghostkit_customizer_options":"","ghostkit_custom_css":"","ghostkit_custom_js_head":"","ghostkit_custom_js_foot":"","ghostkit_typography":"","_mi_skip_tracking":false,"footnotes":""},"_links":{"self":[{"href":"https:\/\/ostinato.fr\/index.php\/wp-json\/wp\/v2\/pages\/324"}],"collection":[{"href":"https:\/\/ostinato.fr\/index.php\/wp-json\/wp\/v2\/pages"}],"about":[{"href":"https:\/\/ostinato.fr\/index.php\/wp-json\/wp\/v2\/types\/page"}],"author":[{"embeddable":true,"href":"https:\/\/ostinato.fr\/index.php\/wp-json\/wp\/v2\/users\/1"}],"replies":[{"embeddable":true,"href":"https:\/\/ostinato.fr\/index.php\/wp-json\/wp\/v2\/comments?post=324"}],"version-history":[{"count":42,"href":"https:\/\/ostinato.fr\/index.php\/wp-json\/wp\/v2\/pages\/324\/revisions"}],"predecessor-version":[{"id":2522,"href":"https:\/\/ostinato.fr\/index.php\/wp-json\/wp\/v2\/pages\/324\/revisions\/2522"}],"wp:attachment":[{"href":"https:\/\/ostinato.fr\/index.php\/wp-json\/wp\/v2\/media?parent=324"}],"curies":[{"name":"wp","href":"https:\/\/api.w.org\/{rel}","templated":true}]}}