{"id":283,"date":"2018-10-20T14:48:09","date_gmt":"2018-10-20T12:48:09","guid":{"rendered":"https:\/\/ostinato.fr\/?page_id=283"},"modified":"2025-06-24T16:01:00","modified_gmt":"2025-06-24T14:01:00","slug":"la-formation","status":"publish","type":"page","link":"https:\/\/ostinato.fr\/index.php\/la-formation\/","title":{"rendered":"La formation"},"content":{"rendered":"\n<h3 class=\"wp-block-heading\" id=\"developper-les-talents-au-niveau-des-enjeux-des-grands-orchestres\">D\u00e9velopper les talents au niveau des enjeux des grands orchestres<\/h3>\n\n\n\n<figure class=\"wp-block-image\"><img loading=\"lazy\" decoding=\"async\" width=\"1024\" height=\"768\" src=\"https:\/\/ostinato.fr\/wp-content\/uploads\/2018\/10\/La-formation-_-Lencadrement-p\u00e9dagodique-Pierre-Genisson-partielle-vents-2.jpg\" alt=\"\" class=\"wp-image-754\" srcset=\"https:\/\/ostinato.fr\/wp-content\/uploads\/2018\/10\/La-formation-_-Lencadrement-p\u00e9dagodique-Pierre-Genisson-partielle-vents-2.jpg 1024w, https:\/\/ostinato.fr\/wp-content\/uploads\/2018\/10\/La-formation-_-Lencadrement-p\u00e9dagodique-Pierre-Genisson-partielle-vents-2-300x225.jpg 300w, https:\/\/ostinato.fr\/wp-content\/uploads\/2018\/10\/La-formation-_-Lencadrement-p\u00e9dagodique-Pierre-Genisson-partielle-vents-2-768x576.jpg 768w\" sizes=\"auto, (max-width: 1024px) 100vw, 1024px\" \/><figcaption class=\"wp-element-caption\">Masterclasse avec Pierre G\u00e9nisson<\/figcaption><\/figure>\n\n\n\n<blockquote class=\"wp-block-quote is-layout-flow wp-block-quote-is-layout-flow\">\n<p>La formation de jeunes artistes au m\u00e9tier de musicien d\u2019orchestre et leur insertion professionnelle future sont au c\u0153ur de l\u2019activit\u00e9 port\u00e9e par l\u2019Orchestre Ostinato.<\/p>\n<\/blockquote>\n\n\n\n<h2 class=\"wp-block-heading\" id=\"un-orchestre-atelier\">Une acad\u00e9mie d&rsquo;orchestre<\/h2>\n\n\n\n<p>Sous la supervision de <b>Jan Orawiec<\/b>, responsable p\u00e9dagogique (Violon solo de l&rsquo;orchestre<i> Les Si\u00e8cles<\/i>), d\u2019encadrants concertistes issus des plus grands orchestres internationaux et de chefs d\u2019orchestre invit\u00e9s d\u2019envergure internationale, les jeunes artistes ont la possibilit\u00e9 de se produire lors de concerts ou d\u2019op\u00e9ras en France et \u00e0 l\u2019\u00e9tranger. <b>Ces concerts sont de v\u00e9ritables \u00ab\u00a0tremplins\u00a0\u00bb pour les carri\u00e8res<\/b> des instrumentistes.<\/p>\n\n\n\n<p>L\u2019Orchestre Ostinato est <strong>le seul orchestre de jeunes \u00e0 r\u00e9mun\u00e9rer ses musiciens<\/strong>, les pla\u00e7ant ainsi dans le contexte et les exigences professionnelles qui seront les leurs dans le futur. Quel que soit leur milieu social d\u2019origine, ces artistes m\u00e9ritants sont ainsi soutenus dans la construction de leur carri\u00e8re.<\/p>\n\n\n\n<h2 class=\"wp-block-heading\" id=\"une-action-pedagogique-d-excellence\">Une action p\u00e9dagogique d\u2019excellence<\/h2>\n\n\n\n<p>Ag\u00e9s de 18 \u00e0 30 ans, les jeunes musiciens b\u00e9n\u00e9ficient d\u2019une formation sanctionn\u00e9e par un dipl\u00f4me.<\/p>\n\n\n\n<p>A l\u2019issue de deux ann\u00e9es d\u2019un travail exigeant, en conditions professionnelles, dans des grandes salles, toutes les comp\u00e9tences de musicien au plus haut niveau sont transmises.<\/p>\n\n\n<div class=\"wp-block-image\">\n<figure class=\"alignleft is-resized\"><a href=\"https:\/\/ostinato.fr\/wp-content\/uploads\/2018\/10\/La-formation.png\" data-rel=\"lightbox-image-0\" data-rl_title=\"\" data-rl_caption=\"\" title=\"\"><img loading=\"lazy\" decoding=\"async\" width=\"960\" height=\"720\" src=\"https:\/\/ostinato.fr\/wp-content\/uploads\/2018\/10\/La-formation.png\" alt=\"\" class=\"wp-image-756\" style=\"width:214px;height:156px\" srcset=\"https:\/\/ostinato.fr\/wp-content\/uploads\/2018\/10\/La-formation.png 960w, https:\/\/ostinato.fr\/wp-content\/uploads\/2018\/10\/La-formation-300x225.png 300w, https:\/\/ostinato.fr\/wp-content\/uploads\/2018\/10\/La-formation-768x576.png 768w\" sizes=\"auto, (max-width: 960px) 100vw, 960px\" \/><\/a><\/figure>\n<\/div>\n\n\n<p><p>Tous les ans, dix <strong>masterclass <\/strong>sont organis\u00e9es pour les familles des cuivres, des vents et des cordes. Elles constituent des moments privil\u00e9gi\u00e9s de travail approfondi. Chaque saison musicale permet aux musiciens d\u2019<strong>aborder une vari\u00e9t\u00e9 de r\u00e9pertoires<\/strong> : \u0153uvres symphoniques avec ou sans solistes, formations de chambre et \u0153uvres lyriques.<\/p>\n<p>&nbsp;<\/p>\n<h2 id=\"temoignage\">\u00catre membre de l&rsquo;Orchestre Ostinato, c&rsquo;est :<\/h2>\n<ul>\n<li aria-level=\"1\">Aborder l\u2019ensemble du r\u00e9pertoire symphonique dans des salles prestigieuses<\/li>\n<li aria-level=\"1\">Accumuler une exp\u00e9rience d\u2019orchestre stimulante et formatrice<\/li>\n<li aria-level=\"1\">Se pr\u00e9parer aux concours d\u2019orchestres lors de masterclass et s\u00e9ances de pr\u00e9paration mentale et corporelle<\/li>\n<li aria-level=\"1\">Exp\u00e9rimenter les diff\u00e9rents postes au sein d\u2019un pupitre<\/li>\n<li aria-level=\"1\">Apprendre les usages des orchestres professionnels<\/li>\n<li aria-level=\"1\">D\u00e9velopper son r\u00e9seau professionnel<\/li>\n<li aria-level=\"1\">S\u2019engager comme artiste citoyen (action sociale, solidaire et \u00e9cologique)<\/li>\n<li aria-level=\"1\">Participer \u00e0 la vie du groupe \u00e0 travers des moments conviviaux (sportifs, festifs&#8230;)<\/li>\n<\/ul><\/p>\n\n\n\n<h2 class=\"wp-block-heading\" id=\"temoignage\">T\u00e9moignage<\/h2>\n\n\n\n<figure class=\"wp-block-image\"><a href=\"\/index.php\/temoignages\"><img loading=\"lazy\" decoding=\"async\" width=\"1024\" height=\"683\" src=\"https:\/\/ostinato.fr\/wp-content\/uploads\/2018\/10\/Home-_-t\u00e9moignage-_Clara-FB_IMG_1488213781218-1024x683.jpg\" alt=\"\" class=\"wp-image-643\"\/><\/a><figcaption class=\"wp-element-caption\">Clara Lef\u00e8vre-Perriot, altiste \u00e0 l&rsquo;Orchestre Philharmonique de Radio France<\/figcaption><\/figure>\n\n\n\n<p class=\"has-text-align-center\"><a href=\"https:\/\/ostinato.fr\/index.php\/temoignages\/\">\u00ab\u00a0Ostinato m&rsquo;a form\u00e9e au m\u00e9tier de musicienne\u00a0\u00bb<\/a><\/p>\n\n\n\n<h2 class=\"wp-block-heading\" id=\"pour-en-savoir-plus\">Pour en savoir plus<\/h2>\n\n\n\n<p><a href=\"https:\/\/ostinato.fr\/wp-content\/uploads\/2024\/04\/schema-formation-site-internet.png\" data-rel=\"lightbox-image-1\" data-rl_title=\"\" data-rl_caption=\"\" title=\"\">Un visuel simple pour comprendre la formation en pratique<\/a><\/p>\n\n\n\n<p><a href=\"https:\/\/ostinato.fr\/wp-content\/uploads\/2025\/06\/Indicateurs-formation-25.pdf\">Des donn\u00e9es chiffr\u00e9es concernant la formation chez Ostinato<\/a><\/p>\n\n\n\n<p><a href=\"https:\/\/ostinato.fr\/index.php\/contactez-nous\/\">N&rsquo;h\u00e9sitez pas \u00e0 nous contacter !<\/a><\/p>\n","protected":false},"excerpt":{"rendered":"<p>D\u00e9velopper les talents au niveau des enjeux des grands orchestres La formation de jeunes artistes au m\u00e9tier de musicien d\u2019orchestre et leur insertion professionnelle future sont au c\u0153ur de l\u2019activit\u00e9<\/p><\/div>\n<div class=\"blog-btn\"><a href=\"https:\/\/ostinato.fr\/index.php\/la-formation\/\" class=\"home-blog-btn\">Lire la suite<\/a><\/p>\n","protected":false},"author":1,"featured_media":0,"parent":0,"menu_order":0,"comment_status":"closed","ping_status":"closed","template":"","meta":{"sfsi_plus_gutenberg_text_before_share":"","sfsi_plus_gutenberg_show_text_before_share":"","sfsi_plus_gutenberg_icon_type":"","sfsi_plus_gutenberg_icon_alignemt":"","sfsi_plus_gutenburg_max_per_row":"","ghostkit_customizer_options":"","ghostkit_custom_css":"","ghostkit_custom_js_head":"","ghostkit_custom_js_foot":"","ghostkit_typography":"","_mi_skip_tracking":false,"footnotes":""},"class_list":["post-283","page","type-page","status-publish","hentry"],"yoast_head":"<!-- This site is optimized with the Yoast SEO plugin v27.6 - https:\/\/yoast.com\/product\/yoast-seo-wordpress\/ -->\n<title>La formation - Ostinato - L&#039;Orchestre<\/title>\n<meta name=\"robots\" content=\"index, follow, max-snippet:-1, max-image-preview:large, max-video-preview:-1\" \/>\n<link rel=\"canonical\" href=\"https:\/\/ostinato.fr\/index.php\/la-formation\/\" \/>\n<meta property=\"og:locale\" content=\"fr_FR\" \/>\n<meta property=\"og:type\" content=\"article\" \/>\n<meta property=\"og:title\" content=\"La formation - Ostinato - L&#039;Orchestre\" \/>\n<meta property=\"og:description\" content=\"D\u00e9velopper les talents au niveau des enjeux des grands orchestres La formation de jeunes artistes au m\u00e9tier de musicien d\u2019orchestre et leur insertion professionnelle future sont au c\u0153ur de l\u2019activit\u00e9Lire la suite\" \/>\n<meta property=\"og:url\" content=\"https:\/\/ostinato.fr\/index.php\/la-formation\/\" \/>\n<meta property=\"og:site_name\" content=\"Ostinato - L&#039;Orchestre\" \/>\n<meta property=\"article:modified_time\" content=\"2025-06-24T14:01:00+00:00\" \/>\n<meta property=\"og:image\" content=\"https:\/\/ostinato.fr\/wp-content\/uploads\/2018\/10\/La-formation-_-Lencadrement-p\u00e9dagodique-Pierre-Genisson-partielle-vents-2.jpg\" \/>\n<meta name=\"twitter:card\" content=\"summary_large_image\" \/>\n<meta name=\"twitter:label1\" content=\"Dur\u00e9e de lecture estim\u00e9e\" \/>\n\t<meta name=\"twitter:data1\" content=\"2 minutes\" \/>\n<script type=\"application\/ld+json\" class=\"yoast-schema-graph\">{\"@context\":\"https:\\\/\\\/schema.org\",\"@graph\":[{\"@type\":\"WebPage\",\"@id\":\"https:\\\/\\\/ostinato.fr\\\/index.php\\\/la-formation\\\/\",\"url\":\"https:\\\/\\\/ostinato.fr\\\/index.php\\\/la-formation\\\/\",\"name\":\"La formation - Ostinato - L&#039;Orchestre\",\"isPartOf\":{\"@id\":\"https:\\\/\\\/ostinato.fr\\\/#website\"},\"primaryImageOfPage\":{\"@id\":\"https:\\\/\\\/ostinato.fr\\\/index.php\\\/la-formation\\\/#primaryimage\"},\"image\":{\"@id\":\"https:\\\/\\\/ostinato.fr\\\/index.php\\\/la-formation\\\/#primaryimage\"},\"thumbnailUrl\":\"https:\\\/\\\/ostinato.fr\\\/wp-content\\\/uploads\\\/2018\\\/10\\\/La-formation.png\",\"datePublished\":\"2018-10-20T12:48:09+00:00\",\"dateModified\":\"2025-06-24T14:01:00+00:00\",\"breadcrumb\":{\"@id\":\"https:\\\/\\\/ostinato.fr\\\/index.php\\\/la-formation\\\/#breadcrumb\"},\"inLanguage\":\"fr-FR\",\"potentialAction\":[{\"@type\":\"ReadAction\",\"target\":[\"https:\\\/\\\/ostinato.fr\\\/index.php\\\/la-formation\\\/\"]}]},{\"@type\":\"ImageObject\",\"inLanguage\":\"fr-FR\",\"@id\":\"https:\\\/\\\/ostinato.fr\\\/index.php\\\/la-formation\\\/#primaryimage\",\"url\":\"https:\\\/\\\/ostinato.fr\\\/wp-content\\\/uploads\\\/2018\\\/10\\\/La-formation.png\",\"contentUrl\":\"https:\\\/\\\/ostinato.fr\\\/wp-content\\\/uploads\\\/2018\\\/10\\\/La-formation.png\"},{\"@type\":\"BreadcrumbList\",\"@id\":\"https:\\\/\\\/ostinato.fr\\\/index.php\\\/la-formation\\\/#breadcrumb\",\"itemListElement\":[{\"@type\":\"ListItem\",\"position\":1,\"name\":\"Accueil\",\"item\":\"https:\\\/\\\/ostinato.fr\\\/\"},{\"@type\":\"ListItem\",\"position\":2,\"name\":\"La formation\"}]},{\"@type\":\"WebSite\",\"@id\":\"https:\\\/\\\/ostinato.fr\\\/#website\",\"url\":\"https:\\\/\\\/ostinato.fr\\\/\",\"name\":\"Ostinato - L&#039;Orchestre\",\"description\":\"\",\"publisher\":{\"@id\":\"https:\\\/\\\/ostinato.fr\\\/#organization\"},\"potentialAction\":[{\"@type\":\"SearchAction\",\"target\":{\"@type\":\"EntryPoint\",\"urlTemplate\":\"https:\\\/\\\/ostinato.fr\\\/?s={search_term_string}\"},\"query-input\":{\"@type\":\"PropertyValueSpecification\",\"valueRequired\":true,\"valueName\":\"search_term_string\"}}],\"inLanguage\":\"fr-FR\"},{\"@type\":\"Organization\",\"@id\":\"https:\\\/\\\/ostinato.fr\\\/#organization\",\"name\":\"Ostinato - L&#039;Orchestre\",\"url\":\"https:\\\/\\\/ostinato.fr\\\/\",\"logo\":{\"@type\":\"ImageObject\",\"inLanguage\":\"fr-FR\",\"@id\":\"https:\\\/\\\/ostinato.fr\\\/#\\\/schema\\\/logo\\\/image\\\/\",\"url\":\"https:\\\/\\\/ostinato.fr\\\/wp-content\\\/uploads\\\/2023\\\/08\\\/cropped-OSTINATO-logo-officiel-300823.png\",\"contentUrl\":\"https:\\\/\\\/ostinato.fr\\\/wp-content\\\/uploads\\\/2023\\\/08\\\/cropped-OSTINATO-logo-officiel-300823.png\",\"width\":210,\"height\":68,\"caption\":\"Ostinato - L&#039;Orchestre\"},\"image\":{\"@id\":\"https:\\\/\\\/ostinato.fr\\\/#\\\/schema\\\/logo\\\/image\\\/\"}}]}<\/script>\n<!-- \/ Yoast SEO plugin. -->","yoast_head_json":{"title":"La formation - Ostinato - L&#039;Orchestre","robots":{"index":"index","follow":"follow","max-snippet":"max-snippet:-1","max-image-preview":"max-image-preview:large","max-video-preview":"max-video-preview:-1"},"canonical":"https:\/\/ostinato.fr\/index.php\/la-formation\/","og_locale":"fr_FR","og_type":"article","og_title":"La formation - Ostinato - L&#039;Orchestre","og_description":"D\u00e9velopper les talents au niveau des enjeux des grands orchestres La formation de jeunes artistes au m\u00e9tier de musicien d\u2019orchestre et leur insertion professionnelle future sont au c\u0153ur de l\u2019activit\u00e9Lire la suite","og_url":"https:\/\/ostinato.fr\/index.php\/la-formation\/","og_site_name":"Ostinato - L&#039;Orchestre","article_modified_time":"2025-06-24T14:01:00+00:00","og_image":[{"url":"https:\/\/ostinato.fr\/wp-content\/uploads\/2018\/10\/La-formation-_-Lencadrement-p\u00e9dagodique-Pierre-Genisson-partielle-vents-2.jpg","type":"","width":"","height":""}],"twitter_card":"summary_large_image","twitter_misc":{"Dur\u00e9e de lecture estim\u00e9e":"2 minutes"},"schema":{"@context":"https:\/\/schema.org","@graph":[{"@type":"WebPage","@id":"https:\/\/ostinato.fr\/index.php\/la-formation\/","url":"https:\/\/ostinato.fr\/index.php\/la-formation\/","name":"La formation - Ostinato - L&#039;Orchestre","isPartOf":{"@id":"https:\/\/ostinato.fr\/#website"},"primaryImageOfPage":{"@id":"https:\/\/ostinato.fr\/index.php\/la-formation\/#primaryimage"},"image":{"@id":"https:\/\/ostinato.fr\/index.php\/la-formation\/#primaryimage"},"thumbnailUrl":"https:\/\/ostinato.fr\/wp-content\/uploads\/2018\/10\/La-formation.png","datePublished":"2018-10-20T12:48:09+00:00","dateModified":"2025-06-24T14:01:00+00:00","breadcrumb":{"@id":"https:\/\/ostinato.fr\/index.php\/la-formation\/#breadcrumb"},"inLanguage":"fr-FR","potentialAction":[{"@type":"ReadAction","target":["https:\/\/ostinato.fr\/index.php\/la-formation\/"]}]},{"@type":"ImageObject","inLanguage":"fr-FR","@id":"https:\/\/ostinato.fr\/index.php\/la-formation\/#primaryimage","url":"https:\/\/ostinato.fr\/wp-content\/uploads\/2018\/10\/La-formation.png","contentUrl":"https:\/\/ostinato.fr\/wp-content\/uploads\/2018\/10\/La-formation.png"},{"@type":"BreadcrumbList","@id":"https:\/\/ostinato.fr\/index.php\/la-formation\/#breadcrumb","itemListElement":[{"@type":"ListItem","position":1,"name":"Accueil","item":"https:\/\/ostinato.fr\/"},{"@type":"ListItem","position":2,"name":"La formation"}]},{"@type":"WebSite","@id":"https:\/\/ostinato.fr\/#website","url":"https:\/\/ostinato.fr\/","name":"Ostinato - L&#039;Orchestre","description":"","publisher":{"@id":"https:\/\/ostinato.fr\/#organization"},"potentialAction":[{"@type":"SearchAction","target":{"@type":"EntryPoint","urlTemplate":"https:\/\/ostinato.fr\/?s={search_term_string}"},"query-input":{"@type":"PropertyValueSpecification","valueRequired":true,"valueName":"search_term_string"}}],"inLanguage":"fr-FR"},{"@type":"Organization","@id":"https:\/\/ostinato.fr\/#organization","name":"Ostinato - L&#039;Orchestre","url":"https:\/\/ostinato.fr\/","logo":{"@type":"ImageObject","inLanguage":"fr-FR","@id":"https:\/\/ostinato.fr\/#\/schema\/logo\/image\/","url":"https:\/\/ostinato.fr\/wp-content\/uploads\/2023\/08\/cropped-OSTINATO-logo-officiel-300823.png","contentUrl":"https:\/\/ostinato.fr\/wp-content\/uploads\/2023\/08\/cropped-OSTINATO-logo-officiel-300823.png","width":210,"height":68,"caption":"Ostinato - L&#039;Orchestre"},"image":{"@id":"https:\/\/ostinato.fr\/#\/schema\/logo\/image\/"}}]}},"_links":{"self":[{"href":"https:\/\/ostinato.fr\/index.php\/wp-json\/wp\/v2\/pages\/283","targetHints":{"allow":["GET"]}}],"collection":[{"href":"https:\/\/ostinato.fr\/index.php\/wp-json\/wp\/v2\/pages"}],"about":[{"href":"https:\/\/ostinato.fr\/index.php\/wp-json\/wp\/v2\/types\/page"}],"author":[{"embeddable":true,"href":"https:\/\/ostinato.fr\/index.php\/wp-json\/wp\/v2\/users\/1"}],"replies":[{"embeddable":true,"href":"https:\/\/ostinato.fr\/index.php\/wp-json\/wp\/v2\/comments?post=283"}],"version-history":[{"count":32,"href":"https:\/\/ostinato.fr\/index.php\/wp-json\/wp\/v2\/pages\/283\/revisions"}],"predecessor-version":[{"id":4858,"href":"https:\/\/ostinato.fr\/index.php\/wp-json\/wp\/v2\/pages\/283\/revisions\/4858"}],"wp:attachment":[{"href":"https:\/\/ostinato.fr\/index.php\/wp-json\/wp\/v2\/media?parent=283"}],"curies":[{"name":"wp","href":"https:\/\/api.w.org\/{rel}","templated":true}]}}