{"id":18,"date":"2018-09-24T16:11:28","date_gmt":"2018-09-24T14:11:28","guid":{"rendered":"https:\/\/ostinato.fr\/?page_id=18"},"modified":"2025-07-03T15:48:06","modified_gmt":"2025-07-03T13:48:06","slug":"recrutement","status":"publish","type":"page","link":"https:\/\/ostinato.fr\/index.php\/recrutement\/","title":{"rendered":"Recrutement"},"content":{"rendered":"<div class=\"wp-block-image\">\n<figure class=\"aligncenter\"><img loading=\"lazy\" decoding=\"async\" width=\"1024\" height=\"633\" src=\"https:\/\/ostinato.fr\/wp-content\/uploads\/2018\/10\/La-formation-_-recutement-choix-2-chuttersnap-139481-unsplash-2.jpg\" alt=\"\" class=\"wp-image-768\" srcset=\"https:\/\/ostinato.fr\/wp-content\/uploads\/2018\/10\/La-formation-_-recutement-choix-2-chuttersnap-139481-unsplash-2.jpg 1024w, https:\/\/ostinato.fr\/wp-content\/uploads\/2018\/10\/La-formation-_-recutement-choix-2-chuttersnap-139481-unsplash-2-300x185.jpg 300w, https:\/\/ostinato.fr\/wp-content\/uploads\/2018\/10\/La-formation-_-recutement-choix-2-chuttersnap-139481-unsplash-2-768x475.jpg 768w\" sizes=\"(max-width: 1024px) 100vw, 1024px\" \/><\/figure><\/div>\n\n\n<p><b>Tous les ans, l\u2019Orchestre Ostinato recrute sur concours<\/b> la moiti\u00e9 de son effectif, soit environ 40 musiciens, tous pupitres confondus. Ces derniers doivent \u00eatre \u00e2g\u00e9s entre 18 et 30 ans \u00e0 la date du concours. La formation dure deux ans.<\/p>\n\n\n\n<div class=\"wp-block-spacer\" style=\"height: 30px;\" aria-hidden=\"true\">\u00a0<\/div>\n\n\n<div class=\"wp-block-image\">\n<figure class=\"aligncenter is-resized\"><a href=\"https:\/\/ostinato.fr\/wp-content\/uploads\/2018\/10\/La-formation-_-recutement-1-audition-akiko-IMG-1963-2-1.jpg\" data-rel=\"lightbox-image-0\" data-rl_title=\"\" data-rl_caption=\"\" title=\"\"><img loading=\"lazy\" decoding=\"async\" width=\"1024\" height=\"683\" src=\"https:\/\/ostinato.fr\/wp-content\/uploads\/2018\/10\/La-formation-_-recutement-1-audition-akiko-IMG-1963-2-1.jpg\" alt=\"\" class=\"wp-image-774\" style=\"width:283px;height:187px\" srcset=\"https:\/\/ostinato.fr\/wp-content\/uploads\/2018\/10\/La-formation-_-recutement-1-audition-akiko-IMG-1963-2-1.jpg 1024w, https:\/\/ostinato.fr\/wp-content\/uploads\/2018\/10\/La-formation-_-recutement-1-audition-akiko-IMG-1963-2-1-300x200.jpg 300w, https:\/\/ostinato.fr\/wp-content\/uploads\/2018\/10\/La-formation-_-recutement-1-audition-akiko-IMG-1963-2-1-768x512.jpg 768w\" sizes=\"(max-width: 1024px) 100vw, 1024px\" \/><\/a><\/figure><\/div>\n\n\n<p><strong>Les auditions sont organis\u00e9es plusieurs fois dans l&rsquo;ann\u00e9e<\/strong>, en particulier en d\u00e9but et en fin de saison artistique (juin et septembre). Des auditions compl\u00e9mentaires peuvent \u00eatre propos\u00e9es en cours de saison afin de compl\u00e9ter certains pupitres.<\/p>\n\n\n\n<blockquote class=\"wp-block-quote is-layout-flow wp-block-quote-is-layout-flow\">\n<p>La prochaine phase d\u2019auditions pour le recrutement dans tous les pupitres aura lieu le 23 septembre 2025.\u00a0 La date limite de candidature est fix\u00e9e au 22 septembre \u00e0 midi.<\/p>\n<\/blockquote>\n\n\n\n<div class=\"wp-block-spacer\" style=\"height: 50px;\" aria-hidden=\"true\">\u00a0<\/div>\n\n\n\n<div class=\"ghostkit-button-wrapper ghostkit-button-wrapper-gap-md ghostkit-button-wrapper-align-center\"><div class=\"ghostkit-button-wrapper-inner\">\n<a class=\"ghostkit-button ghostkit-button-lg ghostkit-custom-ZuKvcH\" href=\"https:\/\/ostinato.fr\/wp-content\/uploads\/2025\/04\/Auditions-25-26.pdf\" target=\"_blank\" rel=\"noreferrer noopener\"><span class=\"ghostkit-button-text\">Programme des auditions Ostinato 2025-2026<\/span><\/a>\n<\/div><\/div>\n\n\n\n<ul>\n<li>Frais d&rsquo;inscription \u00e0 l\u2019audition : 10\u20ac<\/li>\n<\/ul>\n\n\n<p>&nbsp;<\/p>\n\n\n\n<div class=\"ghostkit-button-wrapper ghostkit-button-wrapper-gap-md ghostkit-button-wrapper-align-center\"><div class=\"ghostkit-button-wrapper-inner\">\n<a class=\"ghostkit-button ghostkit-button-lg ghostkit-custom-1EqaGo\" href=\"https:\/\/airtable.com\/app1H2KPgU1Zvx1Rr\/pag4julVQen5DN2UY\/form\"><span class=\"ghostkit-button-text\">Formulaire d&rsquo;inscription 2025-2026<\/span><\/a>\n<\/div><\/div>\n\n\n<p>&nbsp;<\/p>\n\n\n\n<p>Pour tout renseignement compl\u00e9mentaire, merci d&rsquo;\u00e9crire \u00e0 :<\/p>\n\n\n\n<p><\/p>\n\n\n\n<div class=\"ghostkit-button-wrapper ghostkit-button-wrapper-gap-md ghostkit-button-wrapper-align-center\"><div class=\"ghostkit-button-wrapper-inner\">\n<a class=\"ghostkit-button ghostkit-button-lg ghostkit-custom-Z191G6Y\" href=\"mailto:theo.friconneau@ostinato.fr\"><span class=\"ghostkit-button-text\">theo.friconneau@ostinato.fr<\/span><\/a>\n<\/div><\/div>\n\n\n\n<p>Pour toute question li\u00e9e \u00e0 une situation de handicap, merci d&rsquo;\u00e9crire \u00e0 :<\/p>\n\n\n\n<p><\/p>\n\n\n\n<div class=\"ghostkit-button-wrapper ghostkit-button-wrapper-gap-md ghostkit-button-wrapper-align-center\"><div class=\"ghostkit-button-wrapper-inner\">\n<a class=\"ghostkit-button ghostkit-button-lg ghostkit-custom-ZlesA0\" href=\"mailto:remy.gassiat@ostinato.fr\"><span class=\"ghostkit-button-text\">remy.gassiat@ostinato.fr<\/span><\/a>\n<\/div><\/div>\n\n\n\n<p><\/p>\n","protected":false},"excerpt":{"rendered":"<p>Tous les ans, l\u2019Orchestre Ostinato recrute sur concours la moiti\u00e9 de son effectif, soit environ 40 musiciens, tous pupitres confondus. Ces derniers doivent \u00eatre \u00e2g\u00e9s entre 18 et 30 ans<\/p><\/div>\n<div class=\"blog-btn\"><a href=\"https:\/\/ostinato.fr\/index.php\/recrutement\/\" class=\"home-blog-btn\">Lire la suite<\/a><\/p>\n","protected":false},"author":1,"featured_media":0,"parent":0,"menu_order":0,"comment_status":"closed","ping_status":"closed","template":"","meta":{"sfsi_plus_gutenberg_text_before_share":"","sfsi_plus_gutenberg_show_text_before_share":"","sfsi_plus_gutenberg_icon_type":"","sfsi_plus_gutenberg_icon_alignemt":"","sfsi_plus_gutenburg_max_per_row":"","ghostkit_customizer_options":"","ghostkit_custom_css":"","ghostkit_custom_js_head":"","ghostkit_custom_js_foot":"","ghostkit_typography":"","_mi_skip_tracking":false,"footnotes":""},"_links":{"self":[{"href":"https:\/\/ostinato.fr\/index.php\/wp-json\/wp\/v2\/pages\/18"}],"collection":[{"href":"https:\/\/ostinato.fr\/index.php\/wp-json\/wp\/v2\/pages"}],"about":[{"href":"https:\/\/ostinato.fr\/index.php\/wp-json\/wp\/v2\/types\/page"}],"author":[{"embeddable":true,"href":"https:\/\/ostinato.fr\/index.php\/wp-json\/wp\/v2\/users\/1"}],"replies":[{"embeddable":true,"href":"https:\/\/ostinato.fr\/index.php\/wp-json\/wp\/v2\/comments?post=18"}],"version-history":[{"count":93,"href":"https:\/\/ostinato.fr\/index.php\/wp-json\/wp\/v2\/pages\/18\/revisions"}],"predecessor-version":[{"id":4868,"href":"https:\/\/ostinato.fr\/index.php\/wp-json\/wp\/v2\/pages\/18\/revisions\/4868"}],"wp:attachment":[{"href":"https:\/\/ostinato.fr\/index.php\/wp-json\/wp\/v2\/media?parent=18"}],"curies":[{"name":"wp","href":"https:\/\/api.w.org\/{rel}","templated":true}]}}