{"id":161,"date":"2018-10-10T19:25:24","date_gmt":"2018-10-10T17:25:24","guid":{"rendered":"https:\/\/ostinato.fr\/?page_id=161"},"modified":"2024-06-11T16:40:03","modified_gmt":"2024-06-11T14:40:03","slug":"agir-contre-la-solitude","status":"publish","type":"page","link":"https:\/\/ostinato.fr\/index.php\/agir-contre-la-solitude\/","title":{"rendered":"Agir pour plus d&rsquo;humanit\u00e9"},"content":{"rendered":"\n<p><strong>L\u2019Orchestre Ostinato, en parall\u00e8le \u00e0 ses activit\u00e9s concertantes, s\u2019engage dans le combat contre la solitude<\/strong> et va \u00e0 la rencontre des publics isol\u00e9s en animant des ateliers-concerts qui se d\u00e9roulent au plus proche des personnes seules.<\/p>\n\n\n\n<h2 class=\"wp-block-heading\" id=\"l-art-pour-se-rencontrer\">L\u2019art pour se rencontrer<\/h2>\n\n\n\n<div class=\"wp-block-media-text alignwide has-media-on-the-right is-stacked-on-mobile\" style=\"grid-template-columns:auto 30%\"><div class=\"wp-block-media-text__content\">\n<p class=\"has-large-font-size\"><\/p>\n\n\n\n<p>\nLes personnes \u00e2g\u00e9es isol\u00e9es, les personnes d\u00e9tenues, les personnes \nhospitalis\u00e9es pour de longues dur\u00e9es, les personnes de la rue exclues de\n notre soci\u00e9t\u00e9, les migrants vivent tr\u00e8s souvent dans une grande \nsolitude morale et physique et n\u2019ont pas ou peu acc\u00e8s \u00e0 la musique. Or \non conna\u00eet les vertus de cet art dont Pablo Casals disait&nbsp;:\n\n<\/p>\n<\/div><figure class=\"wp-block-media-text__media\"><img loading=\"lazy\" decoding=\"async\" width=\"1024\" height=\"595\" src=\"https:\/\/ostinato.fr\/wp-content\/uploads\/2018\/12\/concert-1838412_1920-1024x595.jpg\" alt=\"\" class=\"wp-image-2448 size-full\" srcset=\"https:\/\/ostinato.fr\/wp-content\/uploads\/2018\/12\/concert-1838412_1920-1024x595.jpg 1024w, https:\/\/ostinato.fr\/wp-content\/uploads\/2018\/12\/concert-1838412_1920-300x174.jpg 300w, https:\/\/ostinato.fr\/wp-content\/uploads\/2018\/12\/concert-1838412_1920-768x446.jpg 768w, https:\/\/ostinato.fr\/wp-content\/uploads\/2018\/12\/concert-1838412_1920-1320x767.jpg 1320w, https:\/\/ostinato.fr\/wp-content\/uploads\/2018\/12\/concert-1838412_1920.jpg 1920w\" sizes=\"auto, (max-width: 1024px) 100vw, 1024px\" \/><\/figure><\/div>\n\n\n\n<blockquote class=\"wp-block-quote is-layout-flow wp-block-quote-is-layout-flow\">\n<p>\u00ab\u00a0La musique chasse la haine chez ceux qui sont sans amour. Elle donne la paix \u00e0 ceux qui sont sans repos, elle console ceux qui pleurent\u00a0\u00bb. <\/p>\n<\/blockquote>\n\n\n\n<p>Les concerts de l\u2019Orchestre Ostinato sont des moments privil\u00e9gi\u00e9s o\u00f9 chacun participe \u00e0 sa fa\u00e7on, rencontre l\u2019autre sans stigmatisation et dans une relation fraternelle autour du langage universel de la musique. De la rencontre dans l\u2019art na\u00eet une forme de richesse et la perception que la fragilit\u00e9 humaine est un tr\u00e9sor pour notre humanit\u00e9.<\/p>\n\n\n\n<h2 class=\"wp-block-heading\" id=\"un-programme-musical-interactif\">Un programme musical interactif<\/h2>\n\n\n<div class=\"wp-block-image\">\n<figure class=\"alignleft\"><a href=\"https:\/\/ostinato.fr\/wp-content\/uploads\/2018\/10\/image.png\" data-rel=\"lightbox-image-0\" data-rl_title=\"\" data-rl_caption=\"\" title=\"\"><img loading=\"lazy\" decoding=\"async\" width=\"124\" height=\"189\" src=\"https:\/\/ostinato.fr\/wp-content\/uploads\/2018\/10\/image.png\" alt=\"\" class=\"wp-image-312\"\/><\/a><\/figure>\n<\/div>\n\n\n<p><strong>La particularit\u00e9 de l\u2019Orchestre Ostinato est de s\u2019appuyer sur des professionnels proches de chaque type de public isol\u00e9<\/strong> et de cr\u00e9er un programme sp\u00e9cifique avec eux. C\u2019est ainsi que sont mont\u00e9s des partenariats avec des regroupements d\u2019Ehpad, des accueils de jour pour personnes de la rue ou migrants, des centres p\u00e9nitentiaires, des h\u00f4pitaux et structures m\u00e9dicales et des associations plus sp\u00e9cifiques. Avec chacun, <strong>un programme musical interactif est mis en place<\/strong> : les personnes isol\u00e9es, enfants et adultes, sont plac\u00e9es au c\u0153ur de la musique, r\u00e9veillant leur sensibilit\u00e9 souvent endormie et leur redonnant simplement le <strong>sentiment d\u2019exister<\/strong>.<\/p>\n\n\n\n<h2 class=\"wp-block-heading\" id=\"reciprocite-dans-la-rencontre\">R\u00e9ciprocit\u00e9 dans la rencontre<\/h2>\n\n\n<div class=\"wp-block-image\">\n<figure class=\"alignleft is-resized\"><a href=\"https:\/\/ostinato.fr\/wp-content\/uploads\/2018\/10\/Lengagament-_-agir-contre-la-soliture-hands-699486_960_720.jpg\" data-rel=\"lightbox-image-1\" data-rl_title=\"\" data-rl_caption=\"\" title=\"\"><img loading=\"lazy\" decoding=\"async\" width=\"480\" height=\"720\" src=\"https:\/\/ostinato.fr\/wp-content\/uploads\/2018\/10\/Lengagament-_-agir-contre-la-soliture-hands-699486_960_720.jpg\" alt=\"\" class=\"wp-image-626\" style=\"width:132px;height:198px\" srcset=\"https:\/\/ostinato.fr\/wp-content\/uploads\/2018\/10\/Lengagament-_-agir-contre-la-soliture-hands-699486_960_720.jpg 480w, https:\/\/ostinato.fr\/wp-content\/uploads\/2018\/10\/Lengagament-_-agir-contre-la-soliture-hands-699486_960_720-200x300.jpg 200w\" sizes=\"auto, (max-width: 480px) 100vw, 480px\" \/><\/a><\/figure>\n<\/div>\n\n\n<p>Avec les musiciens de l\u2019orchestre, nous voulons vivre cette d\u00e9marche au contact des plus fragiles. C\u2019est <strong>une rencontre dans la r\u00e9ciprocit\u00e9<\/strong> o\u00f9 ils ne sont pas uniquement spectateurs mais acteurs. Nous sommes persuad\u00e9s que qui que nous soyons, jeune musicien, personne \u00e2g\u00e9e, chef d\u2019orchestre, d\u00e9tenu, malade, personne de la rue, nous avons quelque chose \u00e0 partager, \u00e0 oser dire et \u00e0 FAIRE ENSEMBLE.<\/p>\n\n\n\n<p>Un premier temps de rencontre est le moment privil\u00e9gi\u00e9 o\u00f9 chacun \u00e0 sa place, participe au montage du projet qui est con\u00e7u \u00ab\u00a0avec eux\u00a0\u00bb et non \u00ab\u00a0pour eux\u00a0\u00bb. Chaque invit\u00e9 \u00e0 l\u2019atelier-concert est acteur, exprime ses \u00e9motions avec un artiste professionnel, a le sentiment d\u2019exister avec le bagage culturel dont il dispose. Dans un second temps, tous assistent au concert qui a \u00e9t\u00e9 pr\u00e9par\u00e9 avec une \u00e9motion particuli\u00e8re de complicit\u00e9 et le sentiment d\u2019\u00eatre partie prenante de l\u2019\u0153uvre.<\/p>\n","protected":false},"excerpt":{"rendered":"<p>L\u2019Orchestre Ostinato, en parall\u00e8le \u00e0 ses activit\u00e9s concertantes, s\u2019engage dans le combat contre la solitude et va \u00e0 la rencontre des publics isol\u00e9s en animant des ateliers-concerts qui se d\u00e9roulent<\/p><\/div>\n<div class=\"blog-btn\"><a href=\"https:\/\/ostinato.fr\/index.php\/agir-contre-la-solitude\/\" class=\"home-blog-btn\">Lire la suite<\/a><\/p>\n","protected":false},"author":1,"featured_media":0,"parent":0,"menu_order":0,"comment_status":"closed","ping_status":"closed","template":"","meta":{"sfsi_plus_gutenberg_text_before_share":"","sfsi_plus_gutenberg_show_text_before_share":"","sfsi_plus_gutenberg_icon_type":"","sfsi_plus_gutenberg_icon_alignemt":"","sfsi_plus_gutenburg_max_per_row":"","ghostkit_customizer_options":"","ghostkit_custom_css":"","ghostkit_custom_js_head":"","ghostkit_custom_js_foot":"","ghostkit_typography":"","_mi_skip_tracking":false,"footnotes":""},"class_list":["post-161","page","type-page","status-publish","hentry"],"yoast_head":"<!-- This site is optimized with the Yoast SEO plugin v27.5 - https:\/\/yoast.com\/product\/yoast-seo-wordpress\/ -->\n<title>Agir pour plus d&#039;humanit\u00e9 - Ostinato - L&#039;Orchestre<\/title>\n<meta name=\"robots\" content=\"index, follow, max-snippet:-1, max-image-preview:large, max-video-preview:-1\" \/>\n<link rel=\"canonical\" href=\"https:\/\/ostinato.fr\/index.php\/agir-contre-la-solitude\/\" \/>\n<meta property=\"og:locale\" content=\"fr_FR\" \/>\n<meta property=\"og:type\" content=\"article\" \/>\n<meta property=\"og:title\" content=\"Agir pour plus d&#039;humanit\u00e9 - Ostinato - L&#039;Orchestre\" \/>\n<meta property=\"og:description\" content=\"L\u2019Orchestre Ostinato, en parall\u00e8le \u00e0 ses activit\u00e9s concertantes, s\u2019engage dans le combat contre la solitude et va \u00e0 la rencontre des publics isol\u00e9s en animant des ateliers-concerts qui se d\u00e9roulentLire la suite\" \/>\n<meta property=\"og:url\" content=\"https:\/\/ostinato.fr\/index.php\/agir-contre-la-solitude\/\" \/>\n<meta property=\"og:site_name\" content=\"Ostinato - L&#039;Orchestre\" \/>\n<meta property=\"article:modified_time\" content=\"2024-06-11T14:40:03+00:00\" \/>\n<meta property=\"og:image\" content=\"https:\/\/ostinato.fr\/wp-content\/uploads\/2018\/12\/concert-1838412_1920-1024x595.jpg\" \/>\n<meta name=\"twitter:card\" content=\"summary_large_image\" \/>\n<meta name=\"twitter:label1\" content=\"Dur\u00e9e de lecture estim\u00e9e\" \/>\n\t<meta name=\"twitter:data1\" content=\"3 minutes\" \/>\n<script type=\"application\/ld+json\" class=\"yoast-schema-graph\">{\"@context\":\"https:\\\/\\\/schema.org\",\"@graph\":[{\"@type\":\"WebPage\",\"@id\":\"https:\\\/\\\/ostinato.fr\\\/index.php\\\/agir-contre-la-solitude\\\/\",\"url\":\"https:\\\/\\\/ostinato.fr\\\/index.php\\\/agir-contre-la-solitude\\\/\",\"name\":\"Agir pour plus d'humanit\u00e9 - Ostinato - L&#039;Orchestre\",\"isPartOf\":{\"@id\":\"https:\\\/\\\/ostinato.fr\\\/#website\"},\"primaryImageOfPage\":{\"@id\":\"https:\\\/\\\/ostinato.fr\\\/index.php\\\/agir-contre-la-solitude\\\/#primaryimage\"},\"image\":{\"@id\":\"https:\\\/\\\/ostinato.fr\\\/index.php\\\/agir-contre-la-solitude\\\/#primaryimage\"},\"thumbnailUrl\":\"https:\\\/\\\/ostinato.fr\\\/wp-content\\\/uploads\\\/2018\\\/12\\\/concert-1838412_1920-1024x595.jpg\",\"datePublished\":\"2018-10-10T17:25:24+00:00\",\"dateModified\":\"2024-06-11T14:40:03+00:00\",\"breadcrumb\":{\"@id\":\"https:\\\/\\\/ostinato.fr\\\/index.php\\\/agir-contre-la-solitude\\\/#breadcrumb\"},\"inLanguage\":\"fr-FR\",\"potentialAction\":[{\"@type\":\"ReadAction\",\"target\":[\"https:\\\/\\\/ostinato.fr\\\/index.php\\\/agir-contre-la-solitude\\\/\"]}]},{\"@type\":\"ImageObject\",\"inLanguage\":\"fr-FR\",\"@id\":\"https:\\\/\\\/ostinato.fr\\\/index.php\\\/agir-contre-la-solitude\\\/#primaryimage\",\"url\":\"https:\\\/\\\/ostinato.fr\\\/wp-content\\\/uploads\\\/2018\\\/12\\\/concert-1838412_1920.jpg\",\"contentUrl\":\"https:\\\/\\\/ostinato.fr\\\/wp-content\\\/uploads\\\/2018\\\/12\\\/concert-1838412_1920.jpg\",\"width\":1920,\"height\":1116},{\"@type\":\"BreadcrumbList\",\"@id\":\"https:\\\/\\\/ostinato.fr\\\/index.php\\\/agir-contre-la-solitude\\\/#breadcrumb\",\"itemListElement\":[{\"@type\":\"ListItem\",\"position\":1,\"name\":\"Accueil\",\"item\":\"https:\\\/\\\/ostinato.fr\\\/\"},{\"@type\":\"ListItem\",\"position\":2,\"name\":\"Agir pour plus d&rsquo;humanit\u00e9\"}]},{\"@type\":\"WebSite\",\"@id\":\"https:\\\/\\\/ostinato.fr\\\/#website\",\"url\":\"https:\\\/\\\/ostinato.fr\\\/\",\"name\":\"Ostinato - L&#039;Orchestre\",\"description\":\"\",\"publisher\":{\"@id\":\"https:\\\/\\\/ostinato.fr\\\/#organization\"},\"potentialAction\":[{\"@type\":\"SearchAction\",\"target\":{\"@type\":\"EntryPoint\",\"urlTemplate\":\"https:\\\/\\\/ostinato.fr\\\/?s={search_term_string}\"},\"query-input\":{\"@type\":\"PropertyValueSpecification\",\"valueRequired\":true,\"valueName\":\"search_term_string\"}}],\"inLanguage\":\"fr-FR\"},{\"@type\":\"Organization\",\"@id\":\"https:\\\/\\\/ostinato.fr\\\/#organization\",\"name\":\"Ostinato - L&#039;Orchestre\",\"url\":\"https:\\\/\\\/ostinato.fr\\\/\",\"logo\":{\"@type\":\"ImageObject\",\"inLanguage\":\"fr-FR\",\"@id\":\"https:\\\/\\\/ostinato.fr\\\/#\\\/schema\\\/logo\\\/image\\\/\",\"url\":\"https:\\\/\\\/ostinato.fr\\\/wp-content\\\/uploads\\\/2023\\\/08\\\/cropped-OSTINATO-logo-officiel-300823.png\",\"contentUrl\":\"https:\\\/\\\/ostinato.fr\\\/wp-content\\\/uploads\\\/2023\\\/08\\\/cropped-OSTINATO-logo-officiel-300823.png\",\"width\":210,\"height\":68,\"caption\":\"Ostinato - L&#039;Orchestre\"},\"image\":{\"@id\":\"https:\\\/\\\/ostinato.fr\\\/#\\\/schema\\\/logo\\\/image\\\/\"}}]}<\/script>\n<!-- \/ Yoast SEO plugin. -->","yoast_head_json":{"title":"Agir pour plus d'humanit\u00e9 - Ostinato - L&#039;Orchestre","robots":{"index":"index","follow":"follow","max-snippet":"max-snippet:-1","max-image-preview":"max-image-preview:large","max-video-preview":"max-video-preview:-1"},"canonical":"https:\/\/ostinato.fr\/index.php\/agir-contre-la-solitude\/","og_locale":"fr_FR","og_type":"article","og_title":"Agir pour plus d'humanit\u00e9 - Ostinato - L&#039;Orchestre","og_description":"L\u2019Orchestre Ostinato, en parall\u00e8le \u00e0 ses activit\u00e9s concertantes, s\u2019engage dans le combat contre la solitude et va \u00e0 la rencontre des publics isol\u00e9s en animant des ateliers-concerts qui se d\u00e9roulentLire la suite","og_url":"https:\/\/ostinato.fr\/index.php\/agir-contre-la-solitude\/","og_site_name":"Ostinato - L&#039;Orchestre","article_modified_time":"2024-06-11T14:40:03+00:00","og_image":[{"url":"https:\/\/ostinato.fr\/wp-content\/uploads\/2018\/12\/concert-1838412_1920-1024x595.jpg","type":"","width":"","height":""}],"twitter_card":"summary_large_image","twitter_misc":{"Dur\u00e9e de lecture estim\u00e9e":"3 minutes"},"schema":{"@context":"https:\/\/schema.org","@graph":[{"@type":"WebPage","@id":"https:\/\/ostinato.fr\/index.php\/agir-contre-la-solitude\/","url":"https:\/\/ostinato.fr\/index.php\/agir-contre-la-solitude\/","name":"Agir pour plus d'humanit\u00e9 - Ostinato - L&#039;Orchestre","isPartOf":{"@id":"https:\/\/ostinato.fr\/#website"},"primaryImageOfPage":{"@id":"https:\/\/ostinato.fr\/index.php\/agir-contre-la-solitude\/#primaryimage"},"image":{"@id":"https:\/\/ostinato.fr\/index.php\/agir-contre-la-solitude\/#primaryimage"},"thumbnailUrl":"https:\/\/ostinato.fr\/wp-content\/uploads\/2018\/12\/concert-1838412_1920-1024x595.jpg","datePublished":"2018-10-10T17:25:24+00:00","dateModified":"2024-06-11T14:40:03+00:00","breadcrumb":{"@id":"https:\/\/ostinato.fr\/index.php\/agir-contre-la-solitude\/#breadcrumb"},"inLanguage":"fr-FR","potentialAction":[{"@type":"ReadAction","target":["https:\/\/ostinato.fr\/index.php\/agir-contre-la-solitude\/"]}]},{"@type":"ImageObject","inLanguage":"fr-FR","@id":"https:\/\/ostinato.fr\/index.php\/agir-contre-la-solitude\/#primaryimage","url":"https:\/\/ostinato.fr\/wp-content\/uploads\/2018\/12\/concert-1838412_1920.jpg","contentUrl":"https:\/\/ostinato.fr\/wp-content\/uploads\/2018\/12\/concert-1838412_1920.jpg","width":1920,"height":1116},{"@type":"BreadcrumbList","@id":"https:\/\/ostinato.fr\/index.php\/agir-contre-la-solitude\/#breadcrumb","itemListElement":[{"@type":"ListItem","position":1,"name":"Accueil","item":"https:\/\/ostinato.fr\/"},{"@type":"ListItem","position":2,"name":"Agir pour plus d&rsquo;humanit\u00e9"}]},{"@type":"WebSite","@id":"https:\/\/ostinato.fr\/#website","url":"https:\/\/ostinato.fr\/","name":"Ostinato - L&#039;Orchestre","description":"","publisher":{"@id":"https:\/\/ostinato.fr\/#organization"},"potentialAction":[{"@type":"SearchAction","target":{"@type":"EntryPoint","urlTemplate":"https:\/\/ostinato.fr\/?s={search_term_string}"},"query-input":{"@type":"PropertyValueSpecification","valueRequired":true,"valueName":"search_term_string"}}],"inLanguage":"fr-FR"},{"@type":"Organization","@id":"https:\/\/ostinato.fr\/#organization","name":"Ostinato - L&#039;Orchestre","url":"https:\/\/ostinato.fr\/","logo":{"@type":"ImageObject","inLanguage":"fr-FR","@id":"https:\/\/ostinato.fr\/#\/schema\/logo\/image\/","url":"https:\/\/ostinato.fr\/wp-content\/uploads\/2023\/08\/cropped-OSTINATO-logo-officiel-300823.png","contentUrl":"https:\/\/ostinato.fr\/wp-content\/uploads\/2023\/08\/cropped-OSTINATO-logo-officiel-300823.png","width":210,"height":68,"caption":"Ostinato - L&#039;Orchestre"},"image":{"@id":"https:\/\/ostinato.fr\/#\/schema\/logo\/image\/"}}]}},"_links":{"self":[{"href":"https:\/\/ostinato.fr\/index.php\/wp-json\/wp\/v2\/pages\/161","targetHints":{"allow":["GET"]}}],"collection":[{"href":"https:\/\/ostinato.fr\/index.php\/wp-json\/wp\/v2\/pages"}],"about":[{"href":"https:\/\/ostinato.fr\/index.php\/wp-json\/wp\/v2\/types\/page"}],"author":[{"embeddable":true,"href":"https:\/\/ostinato.fr\/index.php\/wp-json\/wp\/v2\/users\/1"}],"replies":[{"embeddable":true,"href":"https:\/\/ostinato.fr\/index.php\/wp-json\/wp\/v2\/comments?post=161"}],"version-history":[{"count":21,"href":"https:\/\/ostinato.fr\/index.php\/wp-json\/wp\/v2\/pages\/161\/revisions"}],"predecessor-version":[{"id":4428,"href":"https:\/\/ostinato.fr\/index.php\/wp-json\/wp\/v2\/pages\/161\/revisions\/4428"}],"wp:attachment":[{"href":"https:\/\/ostinato.fr\/index.php\/wp-json\/wp\/v2\/media?parent=161"}],"curies":[{"name":"wp","href":"https:\/\/api.w.org\/{rel}","templated":true}]}}