{"id":150,"date":"2018-10-10T13:53:02","date_gmt":"2018-10-10T11:53:02","guid":{"rendered":"https:\/\/ostinato.fr\/?page_id=150"},"modified":"2024-11-06T17:48:46","modified_gmt":"2024-11-06T16:48:46","slug":"lintuition-dun-grand-chef-dorchestre-manuel-rosenthal","status":"publish","type":"page","link":"https:\/\/ostinato.fr\/index.php\/lintuition-dun-grand-chef-dorchestre-manuel-rosenthal\/","title":{"rendered":"Le concours Rosenthal-Ostinato"},"content":{"rendered":"\n<figure class=\"wp-block-image size-large\"><img loading=\"lazy\" decoding=\"async\" width=\"1024\" height=\"809\" src=\"https:\/\/ostinato.fr\/wp-content\/uploads\/2024\/11\/photosRosenthal1-1024x809.png\" alt=\"\" class=\"wp-image-4585\" srcset=\"https:\/\/ostinato.fr\/wp-content\/uploads\/2024\/11\/photosRosenthal1-1024x809.png 1024w, https:\/\/ostinato.fr\/wp-content\/uploads\/2024\/11\/photosRosenthal1-300x237.png 300w, https:\/\/ostinato.fr\/wp-content\/uploads\/2024\/11\/photosRosenthal1-768x606.png 768w, https:\/\/ostinato.fr\/wp-content\/uploads\/2024\/11\/photosRosenthal1-1536x1213.png 1536w, https:\/\/ostinato.fr\/wp-content\/uploads\/2024\/11\/photosRosenthal1-1320x1042.png 1320w, https:\/\/ostinato.fr\/wp-content\/uploads\/2024\/11\/photosRosenthal1.png 1607w\" sizes=\"auto, (max-width: 1024px) 100vw, 1024px\" \/><figcaption class=\"wp-element-caption\"><em>Les quatre finalistes du concours Rosenthal-Ostinato de musique de chambre avec mise en sc\u00e8ne 2024 \u00e0 la fondation Singer-Polignac : le Duo Antinomie, le Trio Mobila, le Quatuor Hermione et le Duo Serena.<\/em><\/figcaption><\/figure>\n\n\n\n<p>Il y a bient\u00f4t 25 ans, Manuel Rosenthal a voulu transmettre sa passion de l\u2019orchestre aux g\u00e9n\u00e9rations qui d\u00e9butent dans le m\u00e9tier et a insuffl\u00e9 l&rsquo;id\u00e9e d&rsquo;une formation au m\u00e9tier de musicien d&rsquo;orchestre. Ostinato \u00e9tait n\u00e9.<\/p>\n\n\n\n<p>C\u00e9l\u00e8bre chef d\u2019orchestre de dimension internationale, \u00e9l\u00e8ve de Maurice Ravel et compositeur ouvert \u00e0 la musique contemporaine, il a toujours \u00e9t\u00e9 tourn\u00e9 vers les jeunes musiciens et a eu le souci de leur faire aimer l\u2019orchestre et de les ins\u00e9rer dans une r\u00e9alit\u00e9 professionnelle.<\/p>\n\n\n\n<p>A l\u2019instar de Ravel, Manuel Rosenthal a compos\u00e9 des \u0153uvres orchestrales mais aussi des pi\u00e8ces de musique de chambre. En effet, le jeu d\u2019orchestre \u00e9tait selon lui un prolongement du jeu en musique de chambre, dans lequel l\u2019\u00e9coute de l\u2019autre et la coh\u00e9sion d\u2019ensemble sont la base du jeu collectif. A travers ce concours de musique de chambre, les musiciens de l\u2019Orchestre Ostinato pourront ainsi d\u00e9velopper leur cr\u00e9ativit\u00e9, leur engagement musical et la finesse de leur interpr\u00e9tation.<\/p>\n\n\n\n<h2 class=\"wp-block-heading\" id=\"un-concours-innovant-de-musique-de-chambre-avec-mise-en-scene\">Un concours innovant de musique de chambre avec mise en sc\u00e8ne.<\/h2>\n\n\n\n<p>Les jeunes musiciens professionnels sont de plus en plus confront\u00e9s au challenge de faire venir \u00e0 eux des publics parfois \u00e9loign\u00e9s de cet univers consid\u00e9r\u00e9 comme \u00e9litiste.<\/p>\n\n\n\n<p>L&rsquo;objectif du Concours Rosenthal-Ostinato est de les former \u00e0 ne plus \u00eatre seulement des experts de leur instrument, mais \u00e9galement des acteurs, des improvisateurs, des orateurs et des p\u00e9dagogues.<\/p>\n\n\n\n<p>Ils doivent imaginer un parcours musical mis en sc\u00e8ne. Durant quelques mois, ils sont accompagn\u00e9s de professionnels pour les former et leur permettre d&rsquo;utiliser au mieux leur cr\u00e9ativit\u00e9.<\/p>\n\n\n\n<p>A l&rsquo;issue de ce parcours, ils sont confront\u00e9s \u00e0 un jury qui \u00e9lit les meilleurs d&rsquo;entre eux. Les laur\u00e9ats gagnent une s\u00e9ance d&rsquo;enregistrement en studio qui sera un tremplin pour leur future carri\u00e8re.<\/p>\n\n\n\n<p>Ils b\u00e9n\u00e9ficient \u00e9galement d&rsquo;opportunit\u00e9s de repr\u00e9sentations publiques.<\/p>\n\n\n\n<h2 class=\"wp-block-heading\" id=\"un-concours-innovant-de-musique-de-chambre-avec-mise-en-scene\">Les laur\u00e9ats du concours Rosenthal-Ostinato.<\/h2>\n\n\n\n<div class=\"ghostkit-grid ghostkit-grid-gap-md\"><div class=\"ghostkit-grid-inner\">\n<div class=\"ghostkit-col ghostkit-col-md-12 ghostkit-col-6\"><div class=\"ghostkit-col-content is-layout-flow wp-block-ghostkit-grid-column-is-layout-flow\">\n<figure class=\"wp-block-image size-full\"><img loading=\"lazy\" decoding=\"async\" width=\"665\" height=\"757\" src=\"https:\/\/ostinato.fr\/wp-content\/uploads\/2024\/11\/IMG_3973.jpg\" alt=\"\" class=\"wp-image-4573\" srcset=\"https:\/\/ostinato.fr\/wp-content\/uploads\/2024\/11\/IMG_3973.jpg 665w, https:\/\/ostinato.fr\/wp-content\/uploads\/2024\/11\/IMG_3973-264x300.jpg 264w\" sizes=\"auto, (max-width: 665px) 100vw, 665px\" \/><\/figure>\n\n\n\n<p class=\"has-text-align-center\">2021 Quintette l&rsquo;Escale<\/p>\n<\/div><\/div>\n\n\n\n<div class=\"ghostkit-col ghostkit-col-md-12 ghostkit-col-6\"><div class=\"ghostkit-col-content is-layout-flow wp-block-ghostkit-grid-column-is-layout-flow\">\n<div style=\"height:56px\" aria-hidden=\"true\" class=\"wp-block-spacer\"><\/div>\n\n\n\n<figure class=\"wp-block-image size-large\"><img loading=\"lazy\" decoding=\"async\" width=\"1024\" height=\"855\" src=\"https:\/\/ostinato.fr\/wp-content\/uploads\/2024\/11\/20220523_152336-1024x855.jpg\" alt=\"\" class=\"wp-image-4569\" srcset=\"https:\/\/ostinato.fr\/wp-content\/uploads\/2024\/11\/20220523_152336-1024x855.jpg 1024w, https:\/\/ostinato.fr\/wp-content\/uploads\/2024\/11\/20220523_152336-300x250.jpg 300w, https:\/\/ostinato.fr\/wp-content\/uploads\/2024\/11\/20220523_152336-768x641.jpg 768w, https:\/\/ostinato.fr\/wp-content\/uploads\/2024\/11\/20220523_152336-1536x1282.jpg 1536w, https:\/\/ostinato.fr\/wp-content\/uploads\/2024\/11\/20220523_152336-1320x1102.jpg 1320w, https:\/\/ostinato.fr\/wp-content\/uploads\/2024\/11\/20220523_152336.jpg 1651w\" sizes=\"auto, (max-width: 1024px) 100vw, 1024px\" \/><\/figure>\n\n\n\n<p class=\"has-text-align-center\">2022 Trio N3ctar<\/p>\n<\/div><\/div>\n<\/div><\/div>\n\n\n\n<div class=\"ghostkit-grid ghostkit-grid-gap-md\"><div class=\"ghostkit-grid-inner\">\n<div class=\"ghostkit-col ghostkit-col-md-12 ghostkit-col-6\"><div class=\"ghostkit-col-content is-layout-flow wp-block-ghostkit-grid-column-is-layout-flow\">\n<figure class=\"wp-block-image size-full\"><img loading=\"lazy\" decoding=\"async\" width=\"2048\" height=\"2560\" src=\"https:\/\/ostinato.fr\/wp-content\/uploads\/2024\/11\/Quatuor-Alma-1-scaled.jpg\" alt=\"\" class=\"wp-image-4551\" srcset=\"https:\/\/ostinato.fr\/wp-content\/uploads\/2024\/11\/Quatuor-Alma-1-scaled.jpg 2048w, https:\/\/ostinato.fr\/wp-content\/uploads\/2024\/11\/Quatuor-Alma-1-240x300.jpg 240w, https:\/\/ostinato.fr\/wp-content\/uploads\/2024\/11\/Quatuor-Alma-1-819x1024.jpg 819w, https:\/\/ostinato.fr\/wp-content\/uploads\/2024\/11\/Quatuor-Alma-1-768x960.jpg 768w, https:\/\/ostinato.fr\/wp-content\/uploads\/2024\/11\/Quatuor-Alma-1-1229x1536.jpg 1229w, https:\/\/ostinato.fr\/wp-content\/uploads\/2024\/11\/Quatuor-Alma-1-1638x2048.jpg 1638w, https:\/\/ostinato.fr\/wp-content\/uploads\/2024\/11\/Quatuor-Alma-1-1320x1650.jpg 1320w\" sizes=\"auto, (max-width: 2048px) 100vw, 2048px\" \/><\/figure>\n\n\n\n<p class=\"has-text-align-center\">2023 Quatuor Alma<\/p>\n<\/div><\/div>\n\n\n\n<div class=\"ghostkit-col ghostkit-col-md-12 ghostkit-col-6\"><div class=\"ghostkit-col-content is-layout-flow wp-block-ghostkit-grid-column-is-layout-flow\">\n<figure class=\"wp-block-image size-large\"><img loading=\"lazy\" decoding=\"async\" width=\"821\" height=\"1024\" src=\"https:\/\/ostinato.fr\/wp-content\/uploads\/2024\/11\/IMG_1190-2-821x1024.jpg\" alt=\"\" class=\"wp-image-4572\" srcset=\"https:\/\/ostinato.fr\/wp-content\/uploads\/2024\/11\/IMG_1190-2-821x1024.jpg 821w, https:\/\/ostinato.fr\/wp-content\/uploads\/2024\/11\/IMG_1190-2-241x300.jpg 241w, https:\/\/ostinato.fr\/wp-content\/uploads\/2024\/11\/IMG_1190-2-768x958.jpg 768w, https:\/\/ostinato.fr\/wp-content\/uploads\/2024\/11\/IMG_1190-2.jpg 1113w\" sizes=\"auto, (max-width: 821px) 100vw, 821px\" \/><\/figure>\n\n\n\n<p class=\"has-text-align-center\">2024 Duo Antinomie<\/p>\n<\/div><\/div>\n<\/div><\/div>\n","protected":false},"excerpt":{"rendered":"<p>Il y a bient\u00f4t 25 ans, Manuel Rosenthal a voulu transmettre sa passion de l\u2019orchestre aux g\u00e9n\u00e9rations qui d\u00e9butent dans le m\u00e9tier et a insuffl\u00e9 l&rsquo;id\u00e9e d&rsquo;une formation au m\u00e9tier<\/p><\/div>\n<div class=\"blog-btn\"><a href=\"https:\/\/ostinato.fr\/index.php\/lintuition-dun-grand-chef-dorchestre-manuel-rosenthal\/\" class=\"home-blog-btn\">Lire la suite<\/a><\/p>\n","protected":false},"author":1,"featured_media":0,"parent":0,"menu_order":0,"comment_status":"closed","ping_status":"closed","template":"","meta":{"sfsi_plus_gutenberg_text_before_share":"","sfsi_plus_gutenberg_show_text_before_share":"","sfsi_plus_gutenberg_icon_type":"","sfsi_plus_gutenberg_icon_alignemt":"","sfsi_plus_gutenburg_max_per_row":"","ghostkit_customizer_options":"","ghostkit_custom_css":"","ghostkit_custom_js_head":"","ghostkit_custom_js_foot":"","ghostkit_typography":"","_mi_skip_tracking":false,"footnotes":""},"class_list":["post-150","page","type-page","status-publish","hentry"],"yoast_head":"<!-- This site is optimized with the Yoast SEO plugin v24.5 - https:\/\/yoast.com\/wordpress\/plugins\/seo\/ -->\n<title>Le concours Rosenthal-Ostinato - Ostinato - L&#039;Orchestre<\/title>\n<meta name=\"robots\" content=\"index, follow, max-snippet:-1, max-image-preview:large, max-video-preview:-1\" \/>\n<link rel=\"canonical\" href=\"https:\/\/ostinato.fr\/index.php\/lintuition-dun-grand-chef-dorchestre-manuel-rosenthal\/\" \/>\n<meta property=\"og:locale\" content=\"fr_FR\" \/>\n<meta property=\"og:type\" content=\"article\" \/>\n<meta property=\"og:title\" content=\"Le concours Rosenthal-Ostinato - Ostinato - L&#039;Orchestre\" \/>\n<meta property=\"og:description\" content=\"Il y a bient\u00f4t 25 ans, Manuel Rosenthal a voulu transmettre sa passion de l\u2019orchestre aux g\u00e9n\u00e9rations qui d\u00e9butent dans le m\u00e9tier et a insuffl\u00e9 l&rsquo;id\u00e9e d&rsquo;une formation au m\u00e9tierLire la suite\" \/>\n<meta property=\"og:url\" content=\"https:\/\/ostinato.fr\/index.php\/lintuition-dun-grand-chef-dorchestre-manuel-rosenthal\/\" \/>\n<meta property=\"og:site_name\" content=\"Ostinato - L&#039;Orchestre\" \/>\n<meta property=\"article:modified_time\" content=\"2024-11-06T16:48:46+00:00\" \/>\n<meta property=\"og:image\" content=\"https:\/\/ostinato.fr\/wp-content\/uploads\/2018\/10\/manuel-rosenthal-3.jpg\" \/>\n<meta name=\"twitter:card\" content=\"summary_large_image\" \/>\n<meta name=\"twitter:label1\" content=\"Dur\u00e9e de lecture estim\u00e9e\" \/>\n\t<meta name=\"twitter:data1\" content=\"2 minutes\" \/>\n<script type=\"application\/ld+json\" class=\"yoast-schema-graph\">{\"@context\":\"https:\/\/schema.org\",\"@graph\":[{\"@type\":\"WebPage\",\"@id\":\"https:\/\/ostinato.fr\/index.php\/lintuition-dun-grand-chef-dorchestre-manuel-rosenthal\/\",\"url\":\"https:\/\/ostinato.fr\/index.php\/lintuition-dun-grand-chef-dorchestre-manuel-rosenthal\/\",\"name\":\"Le concours Rosenthal-Ostinato - Ostinato - L&#039;Orchestre\",\"isPartOf\":{\"@id\":\"https:\/\/ostinato.fr\/#website\"},\"primaryImageOfPage\":{\"@id\":\"https:\/\/ostinato.fr\/index.php\/lintuition-dun-grand-chef-dorchestre-manuel-rosenthal\/#primaryimage\"},\"image\":{\"@id\":\"https:\/\/ostinato.fr\/index.php\/lintuition-dun-grand-chef-dorchestre-manuel-rosenthal\/#primaryimage\"},\"thumbnailUrl\":\"https:\/\/ostinato.fr\/wp-content\/uploads\/2024\/11\/photosRosenthal1-1024x809.png\",\"datePublished\":\"2018-10-10T11:53:02+00:00\",\"dateModified\":\"2024-11-06T16:48:46+00:00\",\"breadcrumb\":{\"@id\":\"https:\/\/ostinato.fr\/index.php\/lintuition-dun-grand-chef-dorchestre-manuel-rosenthal\/#breadcrumb\"},\"inLanguage\":\"fr-FR\",\"potentialAction\":[{\"@type\":\"ReadAction\",\"target\":[\"https:\/\/ostinato.fr\/index.php\/lintuition-dun-grand-chef-dorchestre-manuel-rosenthal\/\"]}]},{\"@type\":\"ImageObject\",\"inLanguage\":\"fr-FR\",\"@id\":\"https:\/\/ostinato.fr\/index.php\/lintuition-dun-grand-chef-dorchestre-manuel-rosenthal\/#primaryimage\",\"url\":\"https:\/\/ostinato.fr\/wp-content\/uploads\/2024\/11\/photosRosenthal1.png\",\"contentUrl\":\"https:\/\/ostinato.fr\/wp-content\/uploads\/2024\/11\/photosRosenthal1.png\",\"width\":1607,\"height\":1269},{\"@type\":\"BreadcrumbList\",\"@id\":\"https:\/\/ostinato.fr\/index.php\/lintuition-dun-grand-chef-dorchestre-manuel-rosenthal\/#breadcrumb\",\"itemListElement\":[{\"@type\":\"ListItem\",\"position\":1,\"name\":\"Accueil\",\"item\":\"https:\/\/ostinato.fr\/\"},{\"@type\":\"ListItem\",\"position\":2,\"name\":\"L\u2019intuition d\u2019un grand chef d\u2019orchestre : Manuel Rosenthal\"}]},{\"@type\":\"WebSite\",\"@id\":\"https:\/\/ostinato.fr\/#website\",\"url\":\"https:\/\/ostinato.fr\/\",\"name\":\"Ostinato - L&#039;Orchestre\",\"description\":\"\",\"publisher\":{\"@id\":\"https:\/\/ostinato.fr\/#organization\"},\"potentialAction\":[{\"@type\":\"SearchAction\",\"target\":{\"@type\":\"EntryPoint\",\"urlTemplate\":\"https:\/\/ostinato.fr\/?s={search_term_string}\"},\"query-input\":{\"@type\":\"PropertyValueSpecification\",\"valueRequired\":true,\"valueName\":\"search_term_string\"}}],\"inLanguage\":\"fr-FR\"},{\"@type\":\"Organization\",\"@id\":\"https:\/\/ostinato.fr\/#organization\",\"name\":\"Ostinato - L&#039;Orchestre\",\"url\":\"https:\/\/ostinato.fr\/\",\"logo\":{\"@type\":\"ImageObject\",\"inLanguage\":\"fr-FR\",\"@id\":\"https:\/\/ostinato.fr\/#\/schema\/logo\/image\/\",\"url\":\"https:\/\/ostinato.fr\/wp-content\/uploads\/2023\/08\/cropped-OSTINATO-logo-officiel-300823.png\",\"contentUrl\":\"https:\/\/ostinato.fr\/wp-content\/uploads\/2023\/08\/cropped-OSTINATO-logo-officiel-300823.png\",\"width\":210,\"height\":68,\"caption\":\"Ostinato - L&#039;Orchestre\"},\"image\":{\"@id\":\"https:\/\/ostinato.fr\/#\/schema\/logo\/image\/\"}}]}<\/script>\n<!-- \/ Yoast SEO plugin. -->","yoast_head_json":{"title":"Le concours Rosenthal-Ostinato - Ostinato - L&#039;Orchestre","robots":{"index":"index","follow":"follow","max-snippet":"max-snippet:-1","max-image-preview":"max-image-preview:large","max-video-preview":"max-video-preview:-1"},"canonical":"https:\/\/ostinato.fr\/index.php\/lintuition-dun-grand-chef-dorchestre-manuel-rosenthal\/","og_locale":"fr_FR","og_type":"article","og_title":"Le concours Rosenthal-Ostinato - Ostinato - L&#039;Orchestre","og_description":"Il y a bient\u00f4t 25 ans, Manuel Rosenthal a voulu transmettre sa passion de l\u2019orchestre aux g\u00e9n\u00e9rations qui d\u00e9butent dans le m\u00e9tier et a insuffl\u00e9 l&rsquo;id\u00e9e d&rsquo;une formation au m\u00e9tierLire la suite","og_url":"https:\/\/ostinato.fr\/index.php\/lintuition-dun-grand-chef-dorchestre-manuel-rosenthal\/","og_site_name":"Ostinato - L&#039;Orchestre","article_modified_time":"2024-11-06T16:48:46+00:00","og_image":[{"url":"https:\/\/ostinato.fr\/wp-content\/uploads\/2018\/10\/manuel-rosenthal-3.jpg","type":"","width":"","height":""}],"twitter_card":"summary_large_image","twitter_misc":{"Dur\u00e9e de lecture estim\u00e9e":"2 minutes"},"schema":{"@context":"https:\/\/schema.org","@graph":[{"@type":"WebPage","@id":"https:\/\/ostinato.fr\/index.php\/lintuition-dun-grand-chef-dorchestre-manuel-rosenthal\/","url":"https:\/\/ostinato.fr\/index.php\/lintuition-dun-grand-chef-dorchestre-manuel-rosenthal\/","name":"Le concours Rosenthal-Ostinato - Ostinato - L&#039;Orchestre","isPartOf":{"@id":"https:\/\/ostinato.fr\/#website"},"primaryImageOfPage":{"@id":"https:\/\/ostinato.fr\/index.php\/lintuition-dun-grand-chef-dorchestre-manuel-rosenthal\/#primaryimage"},"image":{"@id":"https:\/\/ostinato.fr\/index.php\/lintuition-dun-grand-chef-dorchestre-manuel-rosenthal\/#primaryimage"},"thumbnailUrl":"https:\/\/ostinato.fr\/wp-content\/uploads\/2024\/11\/photosRosenthal1-1024x809.png","datePublished":"2018-10-10T11:53:02+00:00","dateModified":"2024-11-06T16:48:46+00:00","breadcrumb":{"@id":"https:\/\/ostinato.fr\/index.php\/lintuition-dun-grand-chef-dorchestre-manuel-rosenthal\/#breadcrumb"},"inLanguage":"fr-FR","potentialAction":[{"@type":"ReadAction","target":["https:\/\/ostinato.fr\/index.php\/lintuition-dun-grand-chef-dorchestre-manuel-rosenthal\/"]}]},{"@type":"ImageObject","inLanguage":"fr-FR","@id":"https:\/\/ostinato.fr\/index.php\/lintuition-dun-grand-chef-dorchestre-manuel-rosenthal\/#primaryimage","url":"https:\/\/ostinato.fr\/wp-content\/uploads\/2024\/11\/photosRosenthal1.png","contentUrl":"https:\/\/ostinato.fr\/wp-content\/uploads\/2024\/11\/photosRosenthal1.png","width":1607,"height":1269},{"@type":"BreadcrumbList","@id":"https:\/\/ostinato.fr\/index.php\/lintuition-dun-grand-chef-dorchestre-manuel-rosenthal\/#breadcrumb","itemListElement":[{"@type":"ListItem","position":1,"name":"Accueil","item":"https:\/\/ostinato.fr\/"},{"@type":"ListItem","position":2,"name":"L\u2019intuition d\u2019un grand chef d\u2019orchestre : Manuel Rosenthal"}]},{"@type":"WebSite","@id":"https:\/\/ostinato.fr\/#website","url":"https:\/\/ostinato.fr\/","name":"Ostinato - L&#039;Orchestre","description":"","publisher":{"@id":"https:\/\/ostinato.fr\/#organization"},"potentialAction":[{"@type":"SearchAction","target":{"@type":"EntryPoint","urlTemplate":"https:\/\/ostinato.fr\/?s={search_term_string}"},"query-input":{"@type":"PropertyValueSpecification","valueRequired":true,"valueName":"search_term_string"}}],"inLanguage":"fr-FR"},{"@type":"Organization","@id":"https:\/\/ostinato.fr\/#organization","name":"Ostinato - L&#039;Orchestre","url":"https:\/\/ostinato.fr\/","logo":{"@type":"ImageObject","inLanguage":"fr-FR","@id":"https:\/\/ostinato.fr\/#\/schema\/logo\/image\/","url":"https:\/\/ostinato.fr\/wp-content\/uploads\/2023\/08\/cropped-OSTINATO-logo-officiel-300823.png","contentUrl":"https:\/\/ostinato.fr\/wp-content\/uploads\/2023\/08\/cropped-OSTINATO-logo-officiel-300823.png","width":210,"height":68,"caption":"Ostinato - L&#039;Orchestre"},"image":{"@id":"https:\/\/ostinato.fr\/#\/schema\/logo\/image\/"}}]}},"_links":{"self":[{"href":"https:\/\/ostinato.fr\/index.php\/wp-json\/wp\/v2\/pages\/150","targetHints":{"allow":["GET"]}}],"collection":[{"href":"https:\/\/ostinato.fr\/index.php\/wp-json\/wp\/v2\/pages"}],"about":[{"href":"https:\/\/ostinato.fr\/index.php\/wp-json\/wp\/v2\/types\/page"}],"author":[{"embeddable":true,"href":"https:\/\/ostinato.fr\/index.php\/wp-json\/wp\/v2\/users\/1"}],"replies":[{"embeddable":true,"href":"https:\/\/ostinato.fr\/index.php\/wp-json\/wp\/v2\/comments?post=150"}],"version-history":[{"count":28,"href":"https:\/\/ostinato.fr\/index.php\/wp-json\/wp\/v2\/pages\/150\/revisions"}],"predecessor-version":[{"id":4586,"href":"https:\/\/ostinato.fr\/index.php\/wp-json\/wp\/v2\/pages\/150\/revisions\/4586"}],"wp:attachment":[{"href":"https:\/\/ostinato.fr\/index.php\/wp-json\/wp\/v2\/media?parent=150"}],"curies":[{"name":"wp","href":"https:\/\/api.w.org\/{rel}","templated":true}]}}