{"id":148,"date":"2018-10-10T13:48:45","date_gmt":"2018-10-10T11:48:45","guid":{"rendered":"https:\/\/ostinato.fr\/?page_id=148"},"modified":"2024-06-11T16:48:34","modified_gmt":"2024-06-11T14:48:34","slug":"apporter-la-musique-a-lecole","status":"publish","type":"page","link":"https:\/\/ostinato.fr\/index.php\/apporter-la-musique-a-lecole\/","title":{"rendered":"Apporter la musique \u00e0 l&rsquo;\u00e9cole"},"content":{"rendered":"\n<p><strong>La musique est encore trop consid\u00e9r\u00e9e comme r\u00e9serv\u00e9e \u00e0 d\u2019autres et synonyme d\u2019apprentissage fastidieux. Et pourtant elle est un instrument de communication et de socialisation.<\/strong> L\u2019enjeu de la sensibilisation des jeunes \u00e0 la musique d\u00e8s le primaire et tout au long de la scolarit\u00e9 est donc essentiel. La d\u00e9couverte et la pratique d\u2019un instrument de musique est une ouverture importante sur le monde : elle r\u00e9v\u00e8le la sensibilit\u00e9 du jeune.<\/p>\n\n\n\n<h2 class=\"wp-block-heading\" id=\"des-jeunes-a-la-rencontre-d-autres-jeunes\">Des jeunes \u00e0 la rencontre d\u2019autres jeunes<\/h2>\n\n\n\n<div class=\"wp-block-media-text alignwide\" style=\"grid-template-columns:27% auto\"><figure class=\"wp-block-media-text__media\"><img loading=\"lazy\" decoding=\"async\" width=\"802\" height=\"768\" src=\"https:\/\/ostinato.fr\/wp-content\/uploads\/2018\/10\/IMG_6494.jpg\" alt=\"\" class=\"wp-image-189 size-full\" srcset=\"https:\/\/ostinato.fr\/wp-content\/uploads\/2018\/10\/IMG_6494.jpg 802w, https:\/\/ostinato.fr\/wp-content\/uploads\/2018\/10\/IMG_6494-300x287.jpg 300w, https:\/\/ostinato.fr\/wp-content\/uploads\/2018\/10\/IMG_6494-768x735.jpg 768w\" sizes=\"auto, (max-width: 802px) 100vw, 802px\" \/><\/figure><div class=\"wp-block-media-text__content\">\n<p class=\"has-large-font-size\"><\/p>\n\n\n\n<p><strong>La particularit\u00e9 de l\u2019Orchestre Ostinato est sa proximit\u00e9 avec les jeunes. <\/strong>Les \u00e9coliers, coll\u00e9giens ou lyc\u00e9ens s\u2019identifient facilement \u00e0 ces instrumentistes qui pour certains ont leur \u00e2ge.<br>La musique ne leur appara\u00eet plus comme un monde lointain et inaccessible, mais comme un art \u00e0 leur port\u00e9e.<br>Il n\u2019existe pas de barri\u00e8re \u00e0 leur relation et les \u00e9changes se font tr\u00e8s facilement.<\/p>\n<\/div><\/div>\n\n\n\n<h2 class=\"wp-block-heading\" id=\"un-enjeu-pour-la-construction-de-soi\">Un enjeu pour la construction de soi<\/h2>\n\n\n\n<div class=\"wp-block-media-text alignwide\" style=\"grid-template-columns:40% auto\"><figure class=\"wp-block-media-text__media\"><img loading=\"lazy\" decoding=\"async\" width=\"1237\" height=\"1280\" src=\"https:\/\/ostinato.fr\/wp-content\/uploads\/2018\/10\/violin-1617730_1280.jpg\" alt=\"\" class=\"wp-image-192 size-full\" srcset=\"https:\/\/ostinato.fr\/wp-content\/uploads\/2018\/10\/violin-1617730_1280.jpg 1237w, https:\/\/ostinato.fr\/wp-content\/uploads\/2018\/10\/violin-1617730_1280-290x300.jpg 290w, https:\/\/ostinato.fr\/wp-content\/uploads\/2018\/10\/violin-1617730_1280-768x795.jpg 768w, https:\/\/ostinato.fr\/wp-content\/uploads\/2018\/10\/violin-1617730_1280-990x1024.jpg 990w\" sizes=\"auto, (max-width: 1237px) 100vw, 1237px\" \/><\/figure><div class=\"wp-block-media-text__content\">\n<p class=\"has-large-font-size\"><\/p>\n\n\n\n<p><strong>L&rsquo;\u00e9ducation \u00e0 l\u2019\u00e9coute et l\u2019immersion dans l\u2019orchestre permettent de d\u00e9velopper des savoir-faire<\/strong> qui mobilisent \u00e0 la fois l&rsquo;oreille, la voix, le corps mais aussi l&rsquo;esprit. Cet apprentissage permet d&rsquo;apprendre \u00e0 g\u00e9rer ses \u00e9motions, sa timidit\u00e9. Les \u00e9l\u00e8ves apprennent \u00e0 s&rsquo;exposer face \u00e0 un public. Des aspects sociaux sont aussi en jeu, car la pratique de la musique en groupe permet \u00e0 l&rsquo;\u00e9l\u00e8ve d&rsquo;\u00eatre en relation avec les autres, en relation avec son corps, mais aussi avec ses sens et sa pens\u00e9e. Cette exp\u00e9rience \u00e0 l\u2019\u00e9cole permet enfin de participer \u00e0 la construction d\u2019un projet collectif.<\/p>\n<\/div><\/div>\n\n\n\n<h2 class=\"wp-block-heading\" id=\"dans-les-ecoles-et-les-lycees\">Dans les \u00e9coles et les lyc\u00e9es<\/h2>\n\n\n\n<div class=\"wp-block-media-text alignwide\" style=\"grid-template-columns:46% auto\"><figure class=\"wp-block-media-text__media\"><img loading=\"lazy\" decoding=\"async\" width=\"600\" height=\"400\" src=\"https:\/\/ostinato.fr\/wp-content\/uploads\/2018\/10\/Home_-nos-valeurs_-des-jeunes-pour-les-jeunes-600x400.jpg\" alt=\"\" class=\"wp-image-784 size-full\" srcset=\"https:\/\/ostinato.fr\/wp-content\/uploads\/2018\/10\/Home_-nos-valeurs_-des-jeunes-pour-les-jeunes-600x400.jpg 600w, https:\/\/ostinato.fr\/wp-content\/uploads\/2018\/10\/Home_-nos-valeurs_-des-jeunes-pour-les-jeunes-600x400-300x200.jpg 300w\" sizes=\"auto, (max-width: 600px) 100vw, 600px\" \/><\/figure><div class=\"wp-block-media-text__content\">\n<p class=\"has-large-font-size\"><\/p>\n\n\n\n<p>L\u2019Orchestre Ostinato propose aux \u00e9l\u00e8ves du cours pr\u00e9paratoire \u00e0 la terminale une large programmation adapt\u00e9e \u00e0 chaque niveau. Sous forme de mini concerts les \u00e9l\u00e8ves <strong>plac\u00e9s au ch\u0153ur de l\u2019orchestre<\/strong>, d\u00e9couvrent de fa\u00e7on interactive les instruments, leur r\u00f4le, celui du chef et la musique.<br>Un programme sur mesure est <strong>pr\u00e9par\u00e9 avec les enseignants<\/strong> selon les mati\u00e8res \u00e9tudi\u00e9es ou en fonction d\u2019un projet personnalis\u00e9.<\/p>\n<\/div><\/div>\n\n\n\n<h2 class=\"wp-block-heading\" id=\"au-concert\">Au concert<\/h2>\n\n\n\n<div class=\"wp-block-media-text alignwide\" style=\"grid-template-columns:17% auto\"><figure class=\"wp-block-media-text__media\"><img loading=\"lazy\" decoding=\"async\" width=\"1276\" height=\"1024\" src=\"https:\/\/ostinato.fr\/wp-content\/uploads\/2018\/10\/Notre-engagement-_-apporter-la-musique-\u00e0-l\u00e9cole-Concert-educ-As-Baguette\u00a9W-Beaucardet-11-2.jpg\" alt=\"\" class=\"wp-image-629 size-full\" srcset=\"https:\/\/ostinato.fr\/wp-content\/uploads\/2018\/10\/Notre-engagement-_-apporter-la-musique-\u00e0-l\u00e9cole-Concert-educ-As-Baguette\u00a9W-Beaucardet-11-2.jpg 1276w, https:\/\/ostinato.fr\/wp-content\/uploads\/2018\/10\/Notre-engagement-_-apporter-la-musique-\u00e0-l\u00e9cole-Concert-educ-As-Baguette\u00a9W-Beaucardet-11-2-300x241.jpg 300w, https:\/\/ostinato.fr\/wp-content\/uploads\/2018\/10\/Notre-engagement-_-apporter-la-musique-\u00e0-l\u00e9cole-Concert-educ-As-Baguette\u00a9W-Beaucardet-11-2-768x616.jpg 768w, https:\/\/ostinato.fr\/wp-content\/uploads\/2018\/10\/Notre-engagement-_-apporter-la-musique-\u00e0-l\u00e9cole-Concert-educ-As-Baguette\u00a9W-Beaucardet-11-2-1024x822.jpg 1024w\" sizes=\"auto, (max-width: 1276px) 100vw, 1276px\" \/><\/figure><div class=\"wp-block-media-text__content\">\n<p class=\"has-large-font-size\"><\/p>\n\n\n\n<p>\nPlusieurs th\u00e8mes d\u2019ateliers sont propos\u00e9s, ainsi par exemple l\u2019atelier \u00ab\n L\u2019as de la baguette \u00bb \u00e0 la Philharmonie de Paris a permis aux jeunes \nspectateurs de vivre l\u2019exp\u00e9rience unique de chef d\u2019orchestre.\n\n<\/p>\n<\/div><\/div>\n","protected":false},"excerpt":{"rendered":"<p>La musique est encore trop consid\u00e9r\u00e9e comme r\u00e9serv\u00e9e \u00e0 d\u2019autres et synonyme d\u2019apprentissage fastidieux. Et pourtant elle est un instrument de communication et de socialisation. L\u2019enjeu de la sensibilisation des<\/p><\/div>\n<div class=\"blog-btn\"><a href=\"https:\/\/ostinato.fr\/index.php\/apporter-la-musique-a-lecole\/\" class=\"home-blog-btn\">Lire la suite<\/a><\/p>\n","protected":false},"author":1,"featured_media":0,"parent":0,"menu_order":0,"comment_status":"closed","ping_status":"closed","template":"","meta":{"sfsi_plus_gutenberg_text_before_share":"","sfsi_plus_gutenberg_show_text_before_share":"","sfsi_plus_gutenberg_icon_type":"","sfsi_plus_gutenberg_icon_alignemt":"","sfsi_plus_gutenburg_max_per_row":"","ghostkit_customizer_options":"","ghostkit_custom_css":"","ghostkit_custom_js_head":"","ghostkit_custom_js_foot":"","ghostkit_typography":"","_mi_skip_tracking":false,"footnotes":""},"class_list":["post-148","page","type-page","status-publish","hentry"],"yoast_head":"<!-- This site is optimized with the Yoast SEO plugin v27.5 - https:\/\/yoast.com\/product\/yoast-seo-wordpress\/ -->\n<title>Apporter la musique \u00e0 l&#039;\u00e9cole - Ostinato - L&#039;Orchestre<\/title>\n<meta name=\"robots\" content=\"index, follow, max-snippet:-1, max-image-preview:large, max-video-preview:-1\" \/>\n<link rel=\"canonical\" href=\"https:\/\/ostinato.fr\/index.php\/apporter-la-musique-a-lecole\/\" \/>\n<meta property=\"og:locale\" content=\"fr_FR\" \/>\n<meta property=\"og:type\" content=\"article\" \/>\n<meta property=\"og:title\" content=\"Apporter la musique \u00e0 l&#039;\u00e9cole - Ostinato - L&#039;Orchestre\" \/>\n<meta property=\"og:description\" content=\"La musique est encore trop consid\u00e9r\u00e9e comme r\u00e9serv\u00e9e \u00e0 d\u2019autres et synonyme d\u2019apprentissage fastidieux. Et pourtant elle est un instrument de communication et de socialisation. L\u2019enjeu de la sensibilisation desLire la suite\" \/>\n<meta property=\"og:url\" content=\"https:\/\/ostinato.fr\/index.php\/apporter-la-musique-a-lecole\/\" \/>\n<meta property=\"og:site_name\" content=\"Ostinato - L&#039;Orchestre\" \/>\n<meta property=\"article:modified_time\" content=\"2024-06-11T14:48:34+00:00\" \/>\n<meta property=\"og:image\" content=\"https:\/\/ostinato.fr\/wp-content\/uploads\/2018\/10\/IMG_6494.jpg\" \/>\n<meta name=\"twitter:card\" content=\"summary_large_image\" \/>\n<meta name=\"twitter:label1\" content=\"Dur\u00e9e de lecture estim\u00e9e\" \/>\n\t<meta name=\"twitter:data1\" content=\"2 minutes\" \/>\n<script type=\"application\/ld+json\" class=\"yoast-schema-graph\">{\"@context\":\"https:\\\/\\\/schema.org\",\"@graph\":[{\"@type\":\"WebPage\",\"@id\":\"https:\\\/\\\/ostinato.fr\\\/index.php\\\/apporter-la-musique-a-lecole\\\/\",\"url\":\"https:\\\/\\\/ostinato.fr\\\/index.php\\\/apporter-la-musique-a-lecole\\\/\",\"name\":\"Apporter la musique \u00e0 l'\u00e9cole - Ostinato - L&#039;Orchestre\",\"isPartOf\":{\"@id\":\"https:\\\/\\\/ostinato.fr\\\/#website\"},\"primaryImageOfPage\":{\"@id\":\"https:\\\/\\\/ostinato.fr\\\/index.php\\\/apporter-la-musique-a-lecole\\\/#primaryimage\"},\"image\":{\"@id\":\"https:\\\/\\\/ostinato.fr\\\/index.php\\\/apporter-la-musique-a-lecole\\\/#primaryimage\"},\"thumbnailUrl\":\"https:\\\/\\\/ostinato.fr\\\/wp-content\\\/uploads\\\/2018\\\/10\\\/IMG_6494.jpg\",\"datePublished\":\"2018-10-10T11:48:45+00:00\",\"dateModified\":\"2024-06-11T14:48:34+00:00\",\"breadcrumb\":{\"@id\":\"https:\\\/\\\/ostinato.fr\\\/index.php\\\/apporter-la-musique-a-lecole\\\/#breadcrumb\"},\"inLanguage\":\"fr-FR\",\"potentialAction\":[{\"@type\":\"ReadAction\",\"target\":[\"https:\\\/\\\/ostinato.fr\\\/index.php\\\/apporter-la-musique-a-lecole\\\/\"]}]},{\"@type\":\"ImageObject\",\"inLanguage\":\"fr-FR\",\"@id\":\"https:\\\/\\\/ostinato.fr\\\/index.php\\\/apporter-la-musique-a-lecole\\\/#primaryimage\",\"url\":\"https:\\\/\\\/ostinato.fr\\\/wp-content\\\/uploads\\\/2018\\\/10\\\/IMG_6494.jpg\",\"contentUrl\":\"https:\\\/\\\/ostinato.fr\\\/wp-content\\\/uploads\\\/2018\\\/10\\\/IMG_6494.jpg\",\"width\":802,\"height\":768},{\"@type\":\"BreadcrumbList\",\"@id\":\"https:\\\/\\\/ostinato.fr\\\/index.php\\\/apporter-la-musique-a-lecole\\\/#breadcrumb\",\"itemListElement\":[{\"@type\":\"ListItem\",\"position\":1,\"name\":\"Accueil\",\"item\":\"https:\\\/\\\/ostinato.fr\\\/\"},{\"@type\":\"ListItem\",\"position\":2,\"name\":\"Apporter la musique \u00e0 l&rsquo;\u00e9cole\"}]},{\"@type\":\"WebSite\",\"@id\":\"https:\\\/\\\/ostinato.fr\\\/#website\",\"url\":\"https:\\\/\\\/ostinato.fr\\\/\",\"name\":\"Ostinato - L&#039;Orchestre\",\"description\":\"\",\"publisher\":{\"@id\":\"https:\\\/\\\/ostinato.fr\\\/#organization\"},\"potentialAction\":[{\"@type\":\"SearchAction\",\"target\":{\"@type\":\"EntryPoint\",\"urlTemplate\":\"https:\\\/\\\/ostinato.fr\\\/?s={search_term_string}\"},\"query-input\":{\"@type\":\"PropertyValueSpecification\",\"valueRequired\":true,\"valueName\":\"search_term_string\"}}],\"inLanguage\":\"fr-FR\"},{\"@type\":\"Organization\",\"@id\":\"https:\\\/\\\/ostinato.fr\\\/#organization\",\"name\":\"Ostinato - L&#039;Orchestre\",\"url\":\"https:\\\/\\\/ostinato.fr\\\/\",\"logo\":{\"@type\":\"ImageObject\",\"inLanguage\":\"fr-FR\",\"@id\":\"https:\\\/\\\/ostinato.fr\\\/#\\\/schema\\\/logo\\\/image\\\/\",\"url\":\"https:\\\/\\\/ostinato.fr\\\/wp-content\\\/uploads\\\/2023\\\/08\\\/cropped-OSTINATO-logo-officiel-300823.png\",\"contentUrl\":\"https:\\\/\\\/ostinato.fr\\\/wp-content\\\/uploads\\\/2023\\\/08\\\/cropped-OSTINATO-logo-officiel-300823.png\",\"width\":210,\"height\":68,\"caption\":\"Ostinato - L&#039;Orchestre\"},\"image\":{\"@id\":\"https:\\\/\\\/ostinato.fr\\\/#\\\/schema\\\/logo\\\/image\\\/\"}}]}<\/script>\n<!-- \/ Yoast SEO plugin. -->","yoast_head_json":{"title":"Apporter la musique \u00e0 l'\u00e9cole - Ostinato - L&#039;Orchestre","robots":{"index":"index","follow":"follow","max-snippet":"max-snippet:-1","max-image-preview":"max-image-preview:large","max-video-preview":"max-video-preview:-1"},"canonical":"https:\/\/ostinato.fr\/index.php\/apporter-la-musique-a-lecole\/","og_locale":"fr_FR","og_type":"article","og_title":"Apporter la musique \u00e0 l'\u00e9cole - Ostinato - L&#039;Orchestre","og_description":"La musique est encore trop consid\u00e9r\u00e9e comme r\u00e9serv\u00e9e \u00e0 d\u2019autres et synonyme d\u2019apprentissage fastidieux. Et pourtant elle est un instrument de communication et de socialisation. L\u2019enjeu de la sensibilisation desLire la suite","og_url":"https:\/\/ostinato.fr\/index.php\/apporter-la-musique-a-lecole\/","og_site_name":"Ostinato - L&#039;Orchestre","article_modified_time":"2024-06-11T14:48:34+00:00","og_image":[{"url":"https:\/\/ostinato.fr\/wp-content\/uploads\/2018\/10\/IMG_6494.jpg","type":"","width":"","height":""}],"twitter_card":"summary_large_image","twitter_misc":{"Dur\u00e9e de lecture estim\u00e9e":"2 minutes"},"schema":{"@context":"https:\/\/schema.org","@graph":[{"@type":"WebPage","@id":"https:\/\/ostinato.fr\/index.php\/apporter-la-musique-a-lecole\/","url":"https:\/\/ostinato.fr\/index.php\/apporter-la-musique-a-lecole\/","name":"Apporter la musique \u00e0 l'\u00e9cole - Ostinato - L&#039;Orchestre","isPartOf":{"@id":"https:\/\/ostinato.fr\/#website"},"primaryImageOfPage":{"@id":"https:\/\/ostinato.fr\/index.php\/apporter-la-musique-a-lecole\/#primaryimage"},"image":{"@id":"https:\/\/ostinato.fr\/index.php\/apporter-la-musique-a-lecole\/#primaryimage"},"thumbnailUrl":"https:\/\/ostinato.fr\/wp-content\/uploads\/2018\/10\/IMG_6494.jpg","datePublished":"2018-10-10T11:48:45+00:00","dateModified":"2024-06-11T14:48:34+00:00","breadcrumb":{"@id":"https:\/\/ostinato.fr\/index.php\/apporter-la-musique-a-lecole\/#breadcrumb"},"inLanguage":"fr-FR","potentialAction":[{"@type":"ReadAction","target":["https:\/\/ostinato.fr\/index.php\/apporter-la-musique-a-lecole\/"]}]},{"@type":"ImageObject","inLanguage":"fr-FR","@id":"https:\/\/ostinato.fr\/index.php\/apporter-la-musique-a-lecole\/#primaryimage","url":"https:\/\/ostinato.fr\/wp-content\/uploads\/2018\/10\/IMG_6494.jpg","contentUrl":"https:\/\/ostinato.fr\/wp-content\/uploads\/2018\/10\/IMG_6494.jpg","width":802,"height":768},{"@type":"BreadcrumbList","@id":"https:\/\/ostinato.fr\/index.php\/apporter-la-musique-a-lecole\/#breadcrumb","itemListElement":[{"@type":"ListItem","position":1,"name":"Accueil","item":"https:\/\/ostinato.fr\/"},{"@type":"ListItem","position":2,"name":"Apporter la musique \u00e0 l&rsquo;\u00e9cole"}]},{"@type":"WebSite","@id":"https:\/\/ostinato.fr\/#website","url":"https:\/\/ostinato.fr\/","name":"Ostinato - L&#039;Orchestre","description":"","publisher":{"@id":"https:\/\/ostinato.fr\/#organization"},"potentialAction":[{"@type":"SearchAction","target":{"@type":"EntryPoint","urlTemplate":"https:\/\/ostinato.fr\/?s={search_term_string}"},"query-input":{"@type":"PropertyValueSpecification","valueRequired":true,"valueName":"search_term_string"}}],"inLanguage":"fr-FR"},{"@type":"Organization","@id":"https:\/\/ostinato.fr\/#organization","name":"Ostinato - L&#039;Orchestre","url":"https:\/\/ostinato.fr\/","logo":{"@type":"ImageObject","inLanguage":"fr-FR","@id":"https:\/\/ostinato.fr\/#\/schema\/logo\/image\/","url":"https:\/\/ostinato.fr\/wp-content\/uploads\/2023\/08\/cropped-OSTINATO-logo-officiel-300823.png","contentUrl":"https:\/\/ostinato.fr\/wp-content\/uploads\/2023\/08\/cropped-OSTINATO-logo-officiel-300823.png","width":210,"height":68,"caption":"Ostinato - L&#039;Orchestre"},"image":{"@id":"https:\/\/ostinato.fr\/#\/schema\/logo\/image\/"}}]}},"_links":{"self":[{"href":"https:\/\/ostinato.fr\/index.php\/wp-json\/wp\/v2\/pages\/148","targetHints":{"allow":["GET"]}}],"collection":[{"href":"https:\/\/ostinato.fr\/index.php\/wp-json\/wp\/v2\/pages"}],"about":[{"href":"https:\/\/ostinato.fr\/index.php\/wp-json\/wp\/v2\/types\/page"}],"author":[{"embeddable":true,"href":"https:\/\/ostinato.fr\/index.php\/wp-json\/wp\/v2\/users\/1"}],"replies":[{"embeddable":true,"href":"https:\/\/ostinato.fr\/index.php\/wp-json\/wp\/v2\/comments?post=148"}],"version-history":[{"count":25,"href":"https:\/\/ostinato.fr\/index.php\/wp-json\/wp\/v2\/pages\/148\/revisions"}],"predecessor-version":[{"id":4430,"href":"https:\/\/ostinato.fr\/index.php\/wp-json\/wp\/v2\/pages\/148\/revisions\/4430"}],"wp:attachment":[{"href":"https:\/\/ostinato.fr\/index.php\/wp-json\/wp\/v2\/media?parent=148"}],"curies":[{"name":"wp","href":"https:\/\/api.w.org\/{rel}","templated":true}]}}