{"id":1191,"date":"2018-11-14T14:50:22","date_gmt":"2018-11-14T13:50:22","guid":{"rendered":"https:\/\/ostinato.fr\/?page_id=1191"},"modified":"2025-07-03T15:44:58","modified_gmt":"2025-07-03T13:44:58","slug":"lequipe","status":"publish","type":"page","link":"https:\/\/ostinato.fr\/index.php\/lequipe\/","title":{"rendered":"\u00c9quipe et conseil d&rsquo;administration"},"content":{"rendered":"\n<h2 class=\"wp-block-heading\" id=\"equipe\">\u00c9quipe<\/h2>\n\n\n\n<ul>\n<li>Cl\u00e9o Michiels \u2013 Co Directrice &#8211; r\u00e9f\u00e9rente VHSS &#8211; cleo.michiels [at] ostinato.fr<\/li>\n\n\n\n<li>R\u00e9my Gassiat &#8211; Co Directeur &#8211; r\u00e9f\u00e9rent handicap &#8211; remy.gassiat [at] ostinato.fr<\/li>\n\n\n\n<li>Jan Orawiec &#8211; Responsable P\u00e9dagogique<\/li>\n\n\n\n<li>C\u00e9cile Colmet Da\u00e2ge \u2013 Responsable administratif et financier &#8211; cecile.colmetdaage [at] ostinato.fr<\/li>\n\n\n\n<li>Th\u00e9o Friconneau \u2013 D\u00e9l\u00e9gu\u00e9 artistique &#8211; theo.friconneau [at] ostinato.fr<\/li>\n\n\n\n<li>Alexandre Grekoff &#8211; R\u00e9gisseur<\/li>\n<\/ul>\n\n\n\n<h2 class=\"wp-block-heading\" id=\"conseil-d-administration\">Conseil d&rsquo;administration<\/h2>\n\n\n\n<ul>\n<li>Laurent Oul\u00e8s, Pr\u00e9sident&nbsp;<\/li>\n\n\n\n<li>Corinne Cuisinier, Tr\u00e9sori\u00e8re<\/li>\n\n\n\n<li>Jean-Marc Daillance, Secr\u00e9taire<\/li>\n\n\n\n<li>Pierre-Marie Abadie<\/li>\n\n\n\n<li>Eric Arnould<\/li>\n\n\n\n<li>Jean-Claude Barbe<\/li>\n\n\n\n<li>Jean-Baptiste Cuisinier<\/li>\n\n\n\n<li>Pierre-Henri Denain<\/li>\n\n\n\n<li>Florence Larigauderie<\/li>\n\n\n\n<li>Fr\u00e9d\u00e9ric Thiriez<\/li>\n\n\n\n<li>Val\u00e9rie Vesque-Jeancard<\/li>\n<\/ul>\n\n\n\n<p><\/p>\n","protected":false},"excerpt":{"rendered":"<p>\u00c9quipe Conseil d&rsquo;administration<\/p>\n","protected":false},"author":2,"featured_media":0,"parent":0,"menu_order":0,"comment_status":"closed","ping_status":"closed","template":"","meta":{"sfsi_plus_gutenberg_text_before_share":"","sfsi_plus_gutenberg_show_text_before_share":"","sfsi_plus_gutenberg_icon_type":"","sfsi_plus_gutenberg_icon_alignemt":"","sfsi_plus_gutenburg_max_per_row":"","ghostkit_customizer_options":"","ghostkit_custom_css":"","ghostkit_custom_js_head":"","ghostkit_custom_js_foot":"","ghostkit_typography":"","_mi_skip_tracking":false,"footnotes":""},"_links":{"self":[{"href":"https:\/\/ostinato.fr\/index.php\/wp-json\/wp\/v2\/pages\/1191"}],"collection":[{"href":"https:\/\/ostinato.fr\/index.php\/wp-json\/wp\/v2\/pages"}],"about":[{"href":"https:\/\/ostinato.fr\/index.php\/wp-json\/wp\/v2\/types\/page"}],"author":[{"embeddable":true,"href":"https:\/\/ostinato.fr\/index.php\/wp-json\/wp\/v2\/users\/2"}],"replies":[{"embeddable":true,"href":"https:\/\/ostinato.fr\/index.php\/wp-json\/wp\/v2\/comments?post=1191"}],"version-history":[{"count":29,"href":"https:\/\/ostinato.fr\/index.php\/wp-json\/wp\/v2\/pages\/1191\/revisions"}],"predecessor-version":[{"id":4866,"href":"https:\/\/ostinato.fr\/index.php\/wp-json\/wp\/v2\/pages\/1191\/revisions\/4866"}],"wp:attachment":[{"href":"https:\/\/ostinato.fr\/index.php\/wp-json\/wp\/v2\/media?parent=1191"}],"curies":[{"name":"wp","href":"https:\/\/api.w.org\/{rel}","templated":true}]}}